{"id":3971,"date":"2022-06-13T13:00:36","date_gmt":"2022-06-13T11:00:36","guid":{"rendered":"https:\/\/www.advini.com\/our-estates\/wine-estates-and-vineyards\/wine-estates-and-vineyards-languedoc\/"},"modified":"2023-06-05T14:22:05","modified_gmt":"2023-06-05T12:22:05","slug":"wine-estates-and-vineyards-languedoc","status":"publish","type":"page","link":"https:\/\/www.advini.com\/en\/our-estates\/wine-estates-and-vineyards\/wine-estates-and-vineyards-languedoc\/","title":{"rendered":"Wine Estates &#038; Vineyards Languedoc"},"content":{"rendered":"<p>[et_pb_section fb_built=&#8221;1&#8243; _builder_version=&#8221;4.18.0&#8243; _module_preset=&#8221;default&#8221; background_image=&#8221;https:\/\/www.advini.com\/wp-content\/uploads\/2022\/06\/Languedoc-bandeau-scaled.jpg&#8221; module_alignment=&#8221;center&#8221; min_height_tablet=&#8221;200px&#8221; min_height_phone=&#8221;150px&#8221; min_height_last_edited=&#8221;on|desktop&#8221; height=&#8221;300px&#8221; height_tablet=&#8221;300px&#8221; height_phone=&#8221;150px&#8221; height_last_edited=&#8221;on|phone&#8221; max_height_tablet=&#8221;&#8221; max_height_phone=&#8221;&#8221; max_height_last_edited=&#8221;on|phone&#8221; custom_margin=&#8221;||||true|false&#8221; custom_padding=&#8221;0px||0px||true|false&#8221; animation_style=&#8221;fade&#8221; custom_css_main_element=&#8221;display:flex;||align-items: center;||justify-content:center;&#8221; saved_tabs=&#8221;all&#8221; collapsed=&#8221;off&#8221; global_colors_info=&#8221;{}&#8221;][et_pb_row _builder_version=&#8221;4.16&#8243; background_size=&#8221;initial&#8221; background_position=&#8221;top_left&#8221; background_repeat=&#8221;repeat&#8221; custom_margin=&#8221;0px||0px||false|false&#8221; custom_padding=&#8221;0px||0px||false|false&#8221; collapsed=&#8221;off&#8221; global_colors_info=&#8221;{}&#8221;][et_pb_column type=&#8221;4_4&#8243; _builder_version=&#8221;4.16&#8243; _module_preset=&#8221;default&#8221; global_colors_info=&#8221;{}&#8221;][et_pb_text _builder_version=&#8221;4.18.0&#8243; _module_preset=&#8221;default&#8221; text_font_size=&#8221;44px&#8221; header_font=&#8221;|||on|||||&#8221; header_text_align=&#8221;center&#8221; header_text_color=&#8221;#ffffff&#8221; header_font_size=&#8221;44px&#8221; custom_margin=&#8221;0px|0px|0px|0px|false|false&#8221; custom_padding=&#8221;0px|0px|0px|0px|false|false&#8221; text_font_size_tablet=&#8221;44px&#8221; text_font_size_phone=&#8221;30px&#8221; text_font_size_last_edited=&#8221;on|desktop&#8221; header_font_size_tablet=&#8221;44px&#8221; header_font_size_phone=&#8221;30px&#8221; header_font_size_last_edited=&#8221;on|desktop&#8221; header_line_height_tablet=&#8221;&#8221; header_line_height_phone=&#8221;&#8221; header_line_height_last_edited=&#8221;on|phone&#8221; custom_css_main_element=&#8221;padding-bottom : 0;&#8221; global_colors_info=&#8221;{}&#8221;]<\/p>\n<h1>Wine Estates &#038; Vineyards<br \/>Languedoc<\/h1>\n<p>[\/et_pb_text][\/et_pb_column][\/et_pb_row][\/et_pb_section][et_pb_section fb_built=&#8221;1&#8243; custom_padding_last_edited=&#8221;on|phone&#8221; admin_label=&#8221;Section&#8221; _builder_version=&#8221;4.18.0&#8243; _module_preset=&#8221;default&#8221; module_alignment=&#8221;center&#8221; custom_padding=&#8221;30px||50px||false|false&#8221; custom_padding_tablet=&#8221;||30px||false|false&#8221; custom_padding_phone=&#8221;30px||20px||false|false&#8221; animation_style=&#8221;fade&#8221; collapsed=&#8221;on&#8221; global_colors_info=&#8221;{}&#8221;][et_pb_row _builder_version=&#8221;4.16&#8243; _module_preset=&#8221;default&#8221; max_width=&#8221;850px&#8221; custom_margin=&#8221;0px||0px||false|false&#8221; custom_padding=&#8221;0px|0px|0px|0px|false|false&#8221; global_colors_info=&#8221;{}&#8221;][et_pb_column type=&#8221;4_4&#8243; _builder_version=&#8221;4.16&#8243; _module_preset=&#8221;default&#8221; global_colors_info=&#8221;{}&#8221;][et_pb_code _builder_version=&#8221;4.16&#8243; _module_preset=&#8221;default&#8221; global_colors_info=&#8221;{}&#8221;]<pee><span><span><a href=\"https:\/\/www.advini.com\/en\/\">Home<\/a><\/span><\/span><\/pee>[\/et_pb_code][\/et_pb_column][\/et_pb_row][\/et_pb_section][et_pb_section fb_built=&#8221;1&#8243; custom_padding_last_edited=&#8221;on|desktop&#8221; _builder_version=&#8221;4.18.0&#8243; _module_preset=&#8221;default&#8221; custom_margin=&#8221;0px||||false|false&#8221; custom_padding=&#8221;0px||100px||false|false&#8221; custom_padding_tablet=&#8221;||70px||false|false&#8221; custom_padding_phone=&#8221;0px||50px||false|false&#8221; animation_style=&#8221;slide&#8221; animation_direction=&#8221;bottom&#8221; animation_intensity_slide=&#8221;5%&#8221; collapsed=&#8221;on&#8221; global_colors_info=&#8221;{}&#8221;][et_pb_row _builder_version=&#8221;4.16&#8243; _module_preset=&#8221;default&#8221; max_width=&#8221;850px&#8221; custom_margin=&#8221;0px||0px||true|false&#8221; custom_padding=&#8221;0px||0px||true|false&#8221; global_colors_info=&#8221;{}&#8221;][et_pb_column type=&#8221;4_4&#8243; _builder_version=&#8221;4.16&#8243; _module_preset=&#8221;default&#8221; global_colors_info=&#8221;{}&#8221;][et_pb_text _builder_version=&#8221;4.18.0&#8243; _module_preset=&#8221;default&#8221; text_font=&#8221;||||||||&#8221; text_font_size=&#8221;16px&#8221; text_line_height=&#8221;2em&#8221; global_colors_info=&#8221;{}&#8221;]<\/p>\n<p>The Languedoc region stretches along the coast of the Mediterranean Sea, through the Camargue and to the foothills of the Cevennes. It offers a diverse range of winegrowing landscapes and a mosaic of terroirs tamed by the work of ages.<\/p>\n<p>Vignobles Jeanjean is a pledge to embrace this richness and diversity in wines that are as dazzling and distinctive as the terroirs in which they were born. Laroche, based at Mas La Chevali\u00e8re near B\u00e9ziers, continues to explore every facet offered by Chardonnay.<\/p>\n<p>[\/et_pb_text][\/et_pb_column][\/et_pb_row][\/et_pb_section][et_pb_section fb_built=&#8221;1&#8243; _builder_version=&#8221;4.18.0&#8243; _module_preset=&#8221;default&#8221; custom_margin=&#8221;0px||0px||false|false&#8221; custom_padding=&#8221;0px||0px||false|false&#8221; animation_style=&#8221;slide&#8221; animation_direction=&#8221;bottom&#8221; animation_intensity_slide=&#8221;5%&#8221; global_colors_info=&#8221;{}&#8221;][et_pb_row use_custom_gutter=&#8221;on&#8221; gutter_width=&#8221;2&#8243; _builder_version=&#8221;4.16&#8243; _module_preset=&#8221;default&#8221; background_image=&#8221;https:\/\/www.advini.com\/wp-content\/uploads\/2022\/06\/vignobles-jeanjean-languedoc.jpg&#8221; max_width=&#8221;1280px&#8221; height=&#8221;568px&#8221; max_height=&#8221;568px&#8221; custom_margin=&#8221;0px||0px||false|false&#8221; custom_margin_tablet=&#8221;||30px||false|false&#8221; custom_margin_phone=&#8221;||30px||false|false&#8221; custom_margin_last_edited=&#8221;on|desktop&#8221; custom_padding=&#8221;0px||0px||false|false&#8221; border_radii=&#8221;on|5px|5px|5px|5px&#8221; global_colors_info=&#8221;{}&#8221;][et_pb_column type=&#8221;4_4&#8243; _builder_version=&#8221;4.16&#8243; _module_preset=&#8221;default&#8221; global_colors_info=&#8221;{}&#8221;][et_pb_image src=&#8221;https:\/\/www.advini.com\/wp-content\/uploads\/2022\/06\/logo-vignobles-jeanjean.png&#8221; alt=&#8221;Logo Vignobles Jeanjean&#8221; title_text=&#8221;logo-vignobles-jeanjean&#8221; align=&#8221;center&#8221; _builder_version=&#8221;4.18.0&#8243; _module_preset=&#8221;default&#8221; max_width=&#8221;300px&#8221; max_height=&#8221;300px&#8221; custom_margin=&#8221;80px||||false|false&#8221; global_colors_info=&#8221;{}&#8221;][\/et_pb_image][\/et_pb_column][\/et_pb_row][et_pb_row custom_padding_last_edited=&#8221;on|desktop&#8221; _builder_version=&#8221;4.20.2&#8243; _module_preset=&#8221;default&#8221; background_color=&#8221;#ffffff&#8221; width_tablet=&#8221;74%&#8221; width_phone=&#8221;74%&#8221; width_last_edited=&#8221;on|desktop&#8221; module_alignment=&#8221;center&#8221; custom_margin=&#8221;-100px||0px||false|false&#8221; custom_padding=&#8221;50px|110px|140px|110px|false|true&#8221; custom_padding_tablet=&#8221;|50px||50px|false|true&#8221; custom_padding_phone=&#8221;30px|40px||40px|false|true&#8221; hover_enabled=&#8221;0&#8243; border_radii=&#8221;on|5px|5px|5px|5px&#8221; global_colors_info=&#8221;{}&#8221; sticky_enabled=&#8221;0&#8243;][et_pb_column type=&#8221;4_4&#8243; _builder_version=&#8221;4.18.0&#8243; _module_preset=&#8221;default&#8221; global_colors_info=&#8221;{}&#8221;][et_pb_text _builder_version=&#8221;4.20.2&#8243; _module_preset=&#8221;default&#8221; text_font=&#8221;||||||||&#8221; text_font_size=&#8221;16px&#8221; text_line_height=&#8221;2em&#8221; header_font=&#8221;||||||||&#8221; header_font_size=&#8221;44px&#8221; header_2_font=&#8221;||||||||&#8221; header_2_font_size=&#8221;30px&#8221; custom_margin=&#8221;0px||0px||false|false&#8221; custom_padding=&#8221;||0px|||&#8221; hover_enabled=&#8221;0&#8243; header_font_size_tablet=&#8221;44px&#8221; header_font_size_phone=&#8221;30px&#8221; header_font_size_last_edited=&#8221;on|desktop&#8221; header_2_font_size_tablet=&#8221;30px&#8221; header_2_font_size_phone=&#8221;20px&#8221; header_2_font_size_last_edited=&#8221;on|phone&#8221; global_colors_info=&#8221;{}&#8221; sticky_enabled=&#8221;0&#8243;]<\/p>\n<h2>Vignobles Jeanjean<\/h2>\n<p><span data-contrast=\"auto\">Since 1872, the Jeanjean family has developed the most beautiful terroirs in the Languedoc region. Vignobles Jeanjean currently consists of nine estates, covering 200 hectares, all of which are organically farmed: Mas de Lun\u00e8s (AOP Gr\u00e9s de Montpellier and IGP Pays d&#8217;Oc), Ch\u00e2teau Valoussi\u00e8re (AOP Languedoc), Domaine Le Pive (IGP Sable de Camargue), Domaine de Fenouillet (AOP Faug\u00e8res), Mas Neuf (IGP Pays d&#8217;Oc), Domaine de Landeyran (AOP Saint Chinian Roquebrun and Saint Chinian), Domaine du Causse d&#8217;Arboras (AOP Terrasses du Larzac and IGP Saint-Guilhem-Le-D\u00e9sert), Domaine des Terres Blanches (AOP Picpoul de Pinet) and Domaine des Rocs (AOP Pic Saint-Loup).<\/span><\/p>\n<p><span data-contrast=\"auto\">Brigitte Jeanjean is Director and Ambassador of the family estates. Matthieu Carliez, Technical Director of the nine properties, has been working with her for 20 vintages. Together they have crafted a distinctive style of satisfying wines that are intense, fruity, bright, balanced and fresh.<\/span><\/p>\n<p><span data-contrast=\"auto\"><\/span><\/p>\n<p><span data-contrast=\"auto\"><\/span><\/p>\n<p>[\/et_pb_text][et_pb_button button_url=&#8221;https:\/\/www.vignobles-jeanjean.com&#8221; url_new_window=&#8221;on&#8221; button_text=&#8221;See website&#8221; button_alignment=&#8221;left&#8221; _builder_version=&#8221;4.20.2&#8243; _module_preset=&#8221;default&#8221; custom_button=&#8221;on&#8221; button_text_size=&#8221;12px&#8221; button_text_color=&#8221;gcid-883f0ec4-3dfe-45b5-90c9-08c2b43627f4&#8243; button_bg_color=&#8221;#ded9d4&#8243; button_border_width=&#8221;0px&#8221; button_border_radius=&#8221;5px&#8221; button_letter_spacing=&#8221;3px&#8221; button_font=&#8221;Montserrat|600||on|||||&#8221; button_use_icon=&#8221;off&#8221; custom_padding=&#8221;14px|25px|14px|25px|false|true&#8221; hover_enabled=&#8221;0&#8243; global_colors_info=&#8221;{%22gcid-883f0ec4-3dfe-45b5-90c9-08c2b43627f4%22:%91%22button_text_color%22%93}&#8221; button_bg_color__hover_enabled=&#8221;on|hover&#8221; button_bg_color__hover=&#8221;#d7d1cb&#8221; button_bg_enable_color__hover=&#8221;on&#8221; sticky_enabled=&#8221;0&#8243;][\/et_pb_button][\/et_pb_column][\/et_pb_row][\/et_pb_section][et_pb_section fb_built=&#8221;1&#8243; _builder_version=&#8221;4.18.0&#8243; _module_preset=&#8221;default&#8221; custom_margin=&#8221;0px||0px||false|false&#8221; custom_padding=&#8221;0px||0px||false|false&#8221; animation_style=&#8221;slide&#8221; animation_direction=&#8221;bottom&#8221; animation_intensity_slide=&#8221;5%&#8221; global_colors_info=&#8221;{}&#8221;][et_pb_row use_custom_gutter=&#8221;on&#8221; gutter_width=&#8221;2&#8243; _builder_version=&#8221;4.16&#8243; _module_preset=&#8221;default&#8221; background_image=&#8221;https:\/\/www.advini.com\/wp-content\/uploads\/2022\/06\/laroche-mas-la-chevaliere-languedoc.jpg&#8221; max_width=&#8221;1280px&#8221; height=&#8221;568px&#8221; max_height=&#8221;568px&#8221; custom_margin=&#8221;0px||0px||false|false&#8221; custom_margin_tablet=&#8221;||30px||false|false&#8221; custom_margin_phone=&#8221;||30px||false|false&#8221; custom_margin_last_edited=&#8221;on|desktop&#8221; custom_padding=&#8221;0px||0px||false|false&#8221; border_radii=&#8221;on|5px|5px|5px|5px&#8221; global_colors_info=&#8221;{}&#8221;][et_pb_column type=&#8221;4_4&#8243; _builder_version=&#8221;4.16&#8243; _module_preset=&#8221;default&#8221; global_colors_info=&#8221;{}&#8221;][et_pb_image src=&#8221;https:\/\/www.advini.com\/wp-content\/uploads\/2022\/06\/logo-laroche-mas-la-chevaliere.png&#8221; alt=&#8221;Logo Mas La Chevali\u00e8re &#8211; Laroche&#8221; title_text=&#8221;logo-laroche-mas-la-chevaliere&#8221; align=&#8221;center&#8221; _builder_version=&#8221;4.18.0&#8243; _module_preset=&#8221;default&#8221; max_width=&#8221;300px&#8221; max_height=&#8221;300px&#8221; custom_margin=&#8221;80px||||false|false&#8221; global_colors_info=&#8221;{}&#8221;][\/et_pb_image][\/et_pb_column][\/et_pb_row][et_pb_row custom_padding_last_edited=&#8221;on|desktop&#8221; _builder_version=&#8221;4.20.2&#8243; _module_preset=&#8221;default&#8221; background_color=&#8221;#ffffff&#8221; width_tablet=&#8221;74%&#8221; width_phone=&#8221;74%&#8221; width_last_edited=&#8221;on|desktop&#8221; module_alignment=&#8221;center&#8221; custom_margin=&#8221;-100px||0px||false|false&#8221; custom_padding=&#8221;50px|110px|140px|110px|false|true&#8221; custom_padding_tablet=&#8221;|50px||50px|false|true&#8221; custom_padding_phone=&#8221;30px|40px||40px|false|true&#8221; border_radii=&#8221;on|5px|5px|5px|5px&#8221; global_colors_info=&#8221;{}&#8221;][et_pb_column type=&#8221;4_4&#8243; _builder_version=&#8221;4.18.0&#8243; _module_preset=&#8221;default&#8221; global_colors_info=&#8221;{}&#8221;][et_pb_text _builder_version=&#8221;4.18.0&#8243; _module_preset=&#8221;default&#8221; text_font=&#8221;||||||||&#8221; text_text_color=&#8221;#000000&#8243; text_font_size=&#8221;16px&#8221; text_line_height=&#8221;2em&#8221; header_font=&#8221;Didot Roman||||||||&#8221; header_font_size=&#8221;44px&#8221; header_2_font=&#8221;||||||||&#8221; header_2_font_size=&#8221;30px&#8221; custom_margin=&#8221;0px||0px||false|false&#8221; custom_padding=&#8221;||0px|||&#8221; header_font_size_tablet=&#8221;44px&#8221; header_font_size_phone=&#8221;30px&#8221; header_font_size_last_edited=&#8221;on|desktop&#8221; header_2_font_size_tablet=&#8221;30px&#8221; header_2_font_size_phone=&#8221;20px&#8221; header_2_font_size_last_edited=&#8221;on|phone&#8221; global_colors_info=&#8221;{}&#8221;]<\/p>\n<h2><span class=\"TextRun SCXW58425197 BCX2\" lang=\"FR-FR\" xml:lang=\"FR-FR\" data-contrast=\"auto\"><span class=\"NormalTextRun SCXW58425197 BCX2\">Mas La Chevali\u00e8re<\/span><\/span><\/h2>\n<p><span data-contrast=\"auto\">Laroche also owns Mas La Chevali\u00e8re in the Languedoc region and produces Chardonnay wines that are its glowing signature around the world. The estate has established partnerships with producers in cooler-climate areas such as the Orb Valley, Limoux and C\u00e9vennes. Key to the wine\u2019s success is the performance of the site\u2019s cellar techniques (cutting-edge gravity-fed transfer and refrigeration systems), energy management (Mas La Chevali\u00e8re became a zero-energy operation in 2019 in the summer months) and natural resource management, including lower water consumption. <\/span><\/p>\n<p><span data-contrast=\"auto\">The property is becoming a pioneer in innovative research and development projects. It was awarded the Special Jury Prize of the Troph\u00e9es de la Performance \u00c9nerg\u00e9tique de l&#8217;Industrie Agroalimentaire in 2021.<\/span><\/p>\n<p><span data-contrast=\"auto\"><\/span><\/p>\n<p><span data-contrast=\"auto\"><\/span><\/p>\n<p>[\/et_pb_text][et_pb_button button_url=&#8221;https:\/\/www.larochewines.com\/en&#8221; url_new_window=&#8221;on&#8221; button_text=&#8221;See website&#8221; button_alignment=&#8221;left&#8221; _builder_version=&#8221;4.20.2&#8243; _module_preset=&#8221;default&#8221; custom_button=&#8221;on&#8221; button_text_size=&#8221;12px&#8221; button_text_color=&#8221;gcid-883f0ec4-3dfe-45b5-90c9-08c2b43627f4&#8243; button_bg_color=&#8221;#ded9d4&#8243; button_border_width=&#8221;0px&#8221; button_border_radius=&#8221;5px&#8221; button_letter_spacing=&#8221;3px&#8221; button_font=&#8221;Montserrat|600||on|||||&#8221; button_use_icon=&#8221;off&#8221; custom_padding=&#8221;14px|25px|14px|25px|false|true&#8221; hover_enabled=&#8221;0&#8243; global_colors_info=&#8221;{%22gcid-883f0ec4-3dfe-45b5-90c9-08c2b43627f4%22:%91%22button_text_color%22%93}&#8221; button_bg_color__hover_enabled=&#8221;on|hover&#8221; button_bg_color__hover=&#8221;#d7d1cb&#8221; button_bg_enable_color__hover=&#8221;on&#8221; sticky_enabled=&#8221;0&#8243;][\/et_pb_button][\/et_pb_column][\/et_pb_row][\/et_pb_section]<\/p>\n","protected":false},"excerpt":{"rendered":"<p>Wine Estates &#038; VineyardsLanguedoc<span><span><a href=\"https:\/\/www.advini.com\/en\/\">Home<\/a><\/span><\/span>The Languedoc region stretches along the coast of the Mediterranean Sea, through the Camargue and to the foothills of the Cevennes. It offers a diverse range of winegrowing landscapes and a mosaic of terroirs tamed by the work of ages. Vignobles Jeanjean is a pledge to embrace this richness and diversity in [&hellip;]<\/p>\n","protected":false},"author":1,"featured_media":0,"parent":3924,"menu_order":0,"comment_status":"closed","ping_status":"closed","template":"","meta":{"_acf_changed":false,"_et_pb_use_builder":"on","_et_pb_old_content":"","_et_gb_content_width":"","footnotes":""},"folder":[57],"class_list":["post-3971","page","type-page","status-publish","hentry"],"acf":[],"yoast_head":"<!-- This site is optimized with the Yoast SEO plugin v27.2 - https:\/\/yoast.com\/product\/yoast-seo-wordpress\/ -->\n<title>Wine Estates &amp; Vineyards Languedoc - Advini<\/title>\n<meta name=\"description\" content=\"The Languedoc region offers a diverse range of winegrowing landscapes and a mosaic of terroirs tamed by the work of ages.\" \/>\n<meta name=\"robots\" content=\"index, follow, max-snippet:-1, max-image-preview:large, max-video-preview:-1\" \/>\n<link rel=\"canonical\" href=\"https:\/\/www.advini.com\/en\/our-estates\/wine-estates-and-vineyards\/wine-estates-and-vineyards-languedoc\/\" \/>\n<meta property=\"og:locale\" content=\"en_US\" \/>\n<meta property=\"og:type\" content=\"article\" \/>\n<meta property=\"og:title\" content=\"Wine Estates &amp; Vineyards Languedoc - Advini\" \/>\n<meta property=\"og:description\" content=\"The Languedoc region offers a diverse range of winegrowing landscapes and a mosaic of terroirs tamed by the work of ages.\" \/>\n<meta property=\"og:url\" content=\"https:\/\/www.advini.com\/en\/our-estates\/wine-estates-and-vineyards\/wine-estates-and-vineyards-languedoc\/\" \/>\n<meta property=\"og:site_name\" content=\"Advini\" \/>\n<meta property=\"article:modified_time\" content=\"2023-06-05T12:22:05+00:00\" \/>\n<meta name=\"twitter:card\" content=\"summary_large_image\" \/>\n<meta name=\"twitter:label1\" content=\"Est. reading time\" \/>\n\t<meta name=\"twitter:data1\" content=\"5 minutes\" \/>\n<script type=\"application\/ld+json\" class=\"yoast-schema-graph\">{\"@context\":\"https:\/\/schema.org\",\"@graph\":[{\"@type\":\"WebPage\",\"@id\":\"https:\/\/www.advini.com\/en\/our-estates\/wine-estates-and-vineyards\/wine-estates-and-vineyards-languedoc\/\",\"url\":\"https:\/\/www.advini.com\/en\/our-estates\/wine-estates-and-vineyards\/wine-estates-and-vineyards-languedoc\/\",\"name\":\"Wine Estates & Vineyards Languedoc - Advini\",\"isPartOf\":{\"@id\":\"https:\/\/www.advini.com\/en\/#website\"},\"datePublished\":\"2022-06-13T11:00:36+00:00\",\"dateModified\":\"2023-06-05T12:22:05+00:00\",\"description\":\"The Languedoc region offers a diverse range of winegrowing landscapes and a mosaic of terroirs tamed by the work of ages.\",\"breadcrumb\":{\"@id\":\"https:\/\/www.advini.com\/en\/our-estates\/wine-estates-and-vineyards\/wine-estates-and-vineyards-languedoc\/#breadcrumb\"},\"inLanguage\":\"en-US\",\"potentialAction\":[{\"@type\":\"ReadAction\",\"target\":[\"https:\/\/www.advini.com\/en\/our-estates\/wine-estates-and-vineyards\/wine-estates-and-vineyards-languedoc\/\"]}]},{\"@type\":\"BreadcrumbList\",\"@id\":\"https:\/\/www.advini.com\/en\/our-estates\/wine-estates-and-vineyards\/wine-estates-and-vineyards-languedoc\/#breadcrumb\",\"itemListElement\":[{\"@type\":\"ListItem\",\"position\":1,\"name\":\"Home\",\"item\":\"https:\/\/www.advini.com\/en\/\"},{\"@type\":\"ListItem\",\"position\":2,\"name\":\"Our estates\",\"item\":\"https:\/\/www.advini.com\/en\/nos-maisons\/\"},{\"@type\":\"ListItem\",\"position\":3,\"name\":\"Wine estates &#038; vineyards\",\"item\":\"https:\/\/www.advini.com\/en\/nos-maisons\/maisons-de-vins-et-vignobles\/\"},{\"@type\":\"ListItem\",\"position\":4,\"name\":\"Wine Estates &#038; Vineyards Languedoc\"}]},{\"@type\":\"WebSite\",\"@id\":\"https:\/\/www.advini.com\/en\/#website\",\"url\":\"https:\/\/www.advini.com\/en\/\",\"name\":\"Advini\",\"description\":\"Leader fran\u00e7ais des vins de terroir\",\"publisher\":{\"@id\":\"https:\/\/www.advini.com\/en\/#organization\"},\"potentialAction\":[{\"@type\":\"SearchAction\",\"target\":{\"@type\":\"EntryPoint\",\"urlTemplate\":\"https:\/\/www.advini.com\/en\/?s={search_term_string}\"},\"query-input\":{\"@type\":\"PropertyValueSpecification\",\"valueRequired\":true,\"valueName\":\"search_term_string\"}}],\"inLanguage\":\"en-US\"},{\"@type\":\"Organization\",\"@id\":\"https:\/\/www.advini.com\/en\/#organization\",\"name\":\"Advini\",\"url\":\"https:\/\/www.advini.com\/en\/\",\"logo\":{\"@type\":\"ImageObject\",\"inLanguage\":\"en-US\",\"@id\":\"https:\/\/www.advini.com\/en\/#\/schema\/logo\/image\/\",\"url\":\"\",\"contentUrl\":\"\",\"caption\":\"Advini\"},\"image\":{\"@id\":\"https:\/\/www.advini.com\/en\/#\/schema\/logo\/image\/\"}}]}<\/script>\n<!-- \/ Yoast SEO plugin. -->","yoast_head_json":{"title":"Wine Estates & Vineyards Languedoc - Advini","description":"The Languedoc region offers a diverse range of winegrowing landscapes and a mosaic of terroirs tamed by the work of ages.","robots":{"index":"index","follow":"follow","max-snippet":"max-snippet:-1","max-image-preview":"max-image-preview:large","max-video-preview":"max-video-preview:-1"},"canonical":"https:\/\/www.advini.com\/en\/our-estates\/wine-estates-and-vineyards\/wine-estates-and-vineyards-languedoc\/","og_locale":"en_US","og_type":"article","og_title":"Wine Estates & Vineyards Languedoc - Advini","og_description":"The Languedoc region offers a diverse range of winegrowing landscapes and a mosaic of terroirs tamed by the work of ages.","og_url":"https:\/\/www.advini.com\/en\/our-estates\/wine-estates-and-vineyards\/wine-estates-and-vineyards-languedoc\/","og_site_name":"Advini","article_modified_time":"2023-06-05T12:22:05+00:00","twitter_card":"summary_large_image","twitter_misc":{"Est. reading time":"5 minutes"},"schema":{"@context":"https:\/\/schema.org","@graph":[{"@type":"WebPage","@id":"https:\/\/www.advini.com\/en\/our-estates\/wine-estates-and-vineyards\/wine-estates-and-vineyards-languedoc\/","url":"https:\/\/www.advini.com\/en\/our-estates\/wine-estates-and-vineyards\/wine-estates-and-vineyards-languedoc\/","name":"Wine Estates & Vineyards Languedoc - Advini","isPartOf":{"@id":"https:\/\/www.advini.com\/en\/#website"},"datePublished":"2022-06-13T11:00:36+00:00","dateModified":"2023-06-05T12:22:05+00:00","description":"The Languedoc region offers a diverse range of winegrowing landscapes and a mosaic of terroirs tamed by the work of ages.","breadcrumb":{"@id":"https:\/\/www.advini.com\/en\/our-estates\/wine-estates-and-vineyards\/wine-estates-and-vineyards-languedoc\/#breadcrumb"},"inLanguage":"en-US","potentialAction":[{"@type":"ReadAction","target":["https:\/\/www.advini.com\/en\/our-estates\/wine-estates-and-vineyards\/wine-estates-and-vineyards-languedoc\/"]}]},{"@type":"BreadcrumbList","@id":"https:\/\/www.advini.com\/en\/our-estates\/wine-estates-and-vineyards\/wine-estates-and-vineyards-languedoc\/#breadcrumb","itemListElement":[{"@type":"ListItem","position":1,"name":"Home","item":"https:\/\/www.advini.com\/en\/"},{"@type":"ListItem","position":2,"name":"Our estates","item":"https:\/\/www.advini.com\/en\/nos-maisons\/"},{"@type":"ListItem","position":3,"name":"Wine estates &#038; vineyards","item":"https:\/\/www.advini.com\/en\/nos-maisons\/maisons-de-vins-et-vignobles\/"},{"@type":"ListItem","position":4,"name":"Wine Estates &#038; Vineyards Languedoc"}]},{"@type":"WebSite","@id":"https:\/\/www.advini.com\/en\/#website","url":"https:\/\/www.advini.com\/en\/","name":"Advini","description":"Leader fran\u00e7ais des vins de terroir","publisher":{"@id":"https:\/\/www.advini.com\/en\/#organization"},"potentialAction":[{"@type":"SearchAction","target":{"@type":"EntryPoint","urlTemplate":"https:\/\/www.advini.com\/en\/?s={search_term_string}"},"query-input":{"@type":"PropertyValueSpecification","valueRequired":true,"valueName":"search_term_string"}}],"inLanguage":"en-US"},{"@type":"Organization","@id":"https:\/\/www.advini.com\/en\/#organization","name":"Advini","url":"https:\/\/www.advini.com\/en\/","logo":{"@type":"ImageObject","inLanguage":"en-US","@id":"https:\/\/www.advini.com\/en\/#\/schema\/logo\/image\/","url":"","contentUrl":"","caption":"Advini"},"image":{"@id":"https:\/\/www.advini.com\/en\/#\/schema\/logo\/image\/"}}]}},"_links":{"self":[{"href":"https:\/\/www.advini.com\/en\/wp-json\/wp\/v2\/pages\/3971","targetHints":{"allow":["GET"]}}],"collection":[{"href":"https:\/\/www.advini.com\/en\/wp-json\/wp\/v2\/pages"}],"about":[{"href":"https:\/\/www.advini.com\/en\/wp-json\/wp\/v2\/types\/page"}],"author":[{"embeddable":true,"href":"https:\/\/www.advini.com\/en\/wp-json\/wp\/v2\/users\/1"}],"replies":[{"embeddable":true,"href":"https:\/\/www.advini.com\/en\/wp-json\/wp\/v2\/comments?post=3971"}],"version-history":[{"count":14,"href":"https:\/\/www.advini.com\/en\/wp-json\/wp\/v2\/pages\/3971\/revisions"}],"predecessor-version":[{"id":6657,"href":"https:\/\/www.advini.com\/en\/wp-json\/wp\/v2\/pages\/3971\/revisions\/6657"}],"up":[{"embeddable":true,"href":"https:\/\/www.advini.com\/en\/wp-json\/wp\/v2\/pages\/3924"}],"wp:attachment":[{"href":"https:\/\/www.advini.com\/en\/wp-json\/wp\/v2\/media?parent=3971"}],"wp:term":[{"taxonomy":"folder","embeddable":true,"href":"https:\/\/www.advini.com\/en\/wp-json\/wp\/v2\/folder?post=3971"}],"curies":[{"name":"wp","href":"https:\/\/api.w.org\/{rel}","templated":true}]}}