{"id":3986,"date":"2022-06-13T14:13:03","date_gmt":"2022-06-13T12:13:03","guid":{"rendered":"https:\/\/www.advini.com\/our-estates\/wine-estates-and-vineyards\/wine-estates-and-vineyards-bordeaux\/"},"modified":"2023-06-05T14:19:01","modified_gmt":"2023-06-05T12:19:01","slug":"wine-estates-and-vineyards-bordeaux","status":"publish","type":"page","link":"https:\/\/www.advini.com\/en\/our-estates\/wine-estates-and-vineyards\/wine-estates-and-vineyards-bordeaux\/","title":{"rendered":"Wine Estates &#038; Vineyards Bordeaux"},"content":{"rendered":"<p>[et_pb_section fb_built=&#8221;1&#8243; _builder_version=&#8221;4.18.0&#8243; _module_preset=&#8221;default&#8221; background_image=&#8221;https:\/\/www.advini.com\/wp-content\/uploads\/2022\/06\/Bordeaux-bandeau-scaled.jpg&#8221; module_alignment=&#8221;center&#8221; min_height_tablet=&#8221;200px&#8221; min_height_phone=&#8221;150px&#8221; min_height_last_edited=&#8221;on|desktop&#8221; height=&#8221;300px&#8221; height_tablet=&#8221;300px&#8221; height_phone=&#8221;150px&#8221; height_last_edited=&#8221;on|phone&#8221; max_height_tablet=&#8221;&#8221; max_height_phone=&#8221;&#8221; max_height_last_edited=&#8221;on|phone&#8221; custom_margin=&#8221;||||true|false&#8221; custom_padding=&#8221;0px||0px||true|false&#8221; animation_style=&#8221;fade&#8221; custom_css_main_element=&#8221;display:flex;||align-items: center;||justify-content:center;&#8221; saved_tabs=&#8221;all&#8221; collapsed=&#8221;off&#8221; global_colors_info=&#8221;{}&#8221;][et_pb_row _builder_version=&#8221;4.16&#8243; background_size=&#8221;initial&#8221; background_position=&#8221;top_left&#8221; background_repeat=&#8221;repeat&#8221; custom_margin=&#8221;0px||0px||false|false&#8221; custom_padding=&#8221;0px||0px||false|false&#8221; collapsed=&#8221;off&#8221; global_colors_info=&#8221;{}&#8221;][et_pb_column type=&#8221;4_4&#8243; _builder_version=&#8221;4.16&#8243; _module_preset=&#8221;default&#8221; global_colors_info=&#8221;{}&#8221;][et_pb_text _builder_version=&#8221;4.18.0&#8243; _module_preset=&#8221;default&#8221; text_font=&#8221;|||on|||||&#8221; text_font_size=&#8221;44px&#8221; header_font=&#8221;Didot Roman||||||||&#8221; header_text_align=&#8221;center&#8221; header_text_color=&#8221;#ffffff&#8221; header_font_size=&#8221;44px&#8221; custom_margin=&#8221;0px|0px|0px|0px|false|false&#8221; custom_padding=&#8221;0px|0px|0px|0px|false|false&#8221; text_font_size_tablet=&#8221;44px&#8221; text_font_size_phone=&#8221;30px&#8221; text_font_size_last_edited=&#8221;on|desktop&#8221; header_font_size_tablet=&#8221;44px&#8221; header_font_size_phone=&#8221;30px&#8221; header_font_size_last_edited=&#8221;on|desktop&#8221; header_line_height_tablet=&#8221;&#8221; header_line_height_phone=&#8221;&#8221; header_line_height_last_edited=&#8221;on|phone&#8221; custom_css_main_element=&#8221;padding-bottom : 0;&#8221; global_colors_info=&#8221;{}&#8221;]<\/p>\n<h1>Wine Estates &#038; Vineyards<br \/>Bordeaux<\/h1>\n<p>[\/et_pb_text][\/et_pb_column][\/et_pb_row][\/et_pb_section][et_pb_section fb_built=&#8221;1&#8243; custom_padding_last_edited=&#8221;on|phone&#8221; admin_label=&#8221;Section&#8221; _builder_version=&#8221;4.18.0&#8243; _module_preset=&#8221;default&#8221; module_alignment=&#8221;center&#8221; custom_padding=&#8221;30px||50px||false|false&#8221; custom_padding_tablet=&#8221;||30px||false|false&#8221; custom_padding_phone=&#8221;30px||20px||false|false&#8221; animation_style=&#8221;fade&#8221; collapsed=&#8221;on&#8221; global_colors_info=&#8221;{}&#8221;][et_pb_row _builder_version=&#8221;4.16&#8243; _module_preset=&#8221;default&#8221; max_width=&#8221;850px&#8221; custom_margin=&#8221;0px||0px||false|false&#8221; custom_padding=&#8221;0px|0px|0px|0px|false|false&#8221; global_colors_info=&#8221;{}&#8221;][et_pb_column type=&#8221;4_4&#8243; _builder_version=&#8221;4.16&#8243; _module_preset=&#8221;default&#8221; global_colors_info=&#8221;{}&#8221;][et_pb_code _builder_version=&#8221;4.16&#8243; _module_preset=&#8221;default&#8221; global_colors_info=&#8221;{}&#8221;]<span><span><a href=\"https:\/\/www.advini.com\/en\/\">Home<\/a><\/span><\/span>[\/et_pb_code][\/et_pb_column][\/et_pb_row][\/et_pb_section][et_pb_section fb_built=&#8221;1&#8243; custom_padding_last_edited=&#8221;on|desktop&#8221; _builder_version=&#8221;4.18.0&#8243; _module_preset=&#8221;default&#8221; custom_margin=&#8221;0px||||false|false&#8221; custom_padding=&#8221;0px||100px||false|false&#8221; custom_padding_tablet=&#8221;||70px||false|false&#8221; custom_padding_phone=&#8221;0px||50px||false|false&#8221; animation_style=&#8221;slide&#8221; animation_direction=&#8221;bottom&#8221; animation_intensity_slide=&#8221;5%&#8221; collapsed=&#8221;on&#8221; global_colors_info=&#8221;{}&#8221;][et_pb_row _builder_version=&#8221;4.16&#8243; _module_preset=&#8221;default&#8221; max_width=&#8221;850px&#8221; custom_margin=&#8221;0px||0px||true|false&#8221; custom_padding=&#8221;0px||0px||true|false&#8221; global_colors_info=&#8221;{}&#8221;][et_pb_column type=&#8221;4_4&#8243; _builder_version=&#8221;4.16&#8243; _module_preset=&#8221;default&#8221; global_colors_info=&#8221;{}&#8221;][et_pb_text _builder_version=&#8221;4.18.0&#8243; _module_preset=&#8221;default&#8221; text_font=&#8221;||||||||&#8221; text_font_size=&#8221;16px&#8221; text_line_height=&#8221;2em&#8221; global_colors_info=&#8221;{}&#8221;]<\/p>\n<p>Bordeaux is the largest wine region in France and has the international reputation to match. Nestled around the Dordogne and Garonne rivers and the Gironde estuary, Bordeaux vineyards yield a diverse range of wines that reflect the region\u2019s many terroirs.<\/p>\n<p>Antoine Moueix Propri\u00e9t\u00e9s is an invitation to discover the Rive Gauche and Rive Droite wines of Bordeaux.<\/p>\n<p>[\/et_pb_text][\/et_pb_column][\/et_pb_row][\/et_pb_section][et_pb_section fb_built=&#8221;1&#8243; _builder_version=&#8221;4.18.0&#8243; _module_preset=&#8221;default&#8221; custom_margin=&#8221;0px||0px||false|false&#8221; custom_padding=&#8221;0px||0px||false|false&#8221; animation_style=&#8221;slide&#8221; animation_direction=&#8221;bottom&#8221; animation_intensity_slide=&#8221;5%&#8221; global_colors_info=&#8221;{}&#8221;][et_pb_row use_custom_gutter=&#8221;on&#8221; gutter_width=&#8221;2&#8243; _builder_version=&#8221;4.16&#8243; _module_preset=&#8221;default&#8221; background_image=&#8221;https:\/\/www.advini.com\/wp-content\/uploads\/2022\/06\/antoine-moueix-chateau-capet-guillier-saint-emilion.jpg&#8221; max_width=&#8221;1280px&#8221; height=&#8221;568px&#8221; max_height=&#8221;568px&#8221; custom_margin=&#8221;0px||0px||false|false&#8221; custom_margin_tablet=&#8221;||30px||false|false&#8221; custom_margin_phone=&#8221;||30px||false|false&#8221; custom_margin_last_edited=&#8221;on|desktop&#8221; custom_padding=&#8221;0px||0px||false|false&#8221; border_radii=&#8221;on|5px|5px|5px|5px&#8221; global_colors_info=&#8221;{}&#8221;][et_pb_column type=&#8221;4_4&#8243; _builder_version=&#8221;4.16&#8243; _module_preset=&#8221;default&#8221; global_colors_info=&#8221;{}&#8221;][et_pb_image src=&#8221;https:\/\/www.advini.com\/wp-content\/uploads\/2022\/06\/logo-antoine-moueix.png&#8221; alt=&#8221;Logo Antoine Moueix Propri\u00e9t\u00e9s &#8211; Saint-Emilion &#8211; M\u00e9doc&#8221; title_text=&#8221;logo-antoine-moueix&#8221; align=&#8221;center&#8221; _builder_version=&#8221;4.18.0&#8243; _module_preset=&#8221;default&#8221; max_width=&#8221;300px&#8221; max_height=&#8221;300px&#8221; custom_margin=&#8221;80px||||false|false&#8221; global_colors_info=&#8221;{}&#8221;][\/et_pb_image][\/et_pb_column][\/et_pb_row][et_pb_row column_structure=&#8221;2_3,1_3&#8243; custom_padding_last_edited=&#8221;on|desktop&#8221; _builder_version=&#8221;4.18.0&#8243; _module_preset=&#8221;default&#8221; background_color=&#8221;#ffffff&#8221; width_tablet=&#8221;74%&#8221; width_phone=&#8221;74%&#8221; width_last_edited=&#8221;on|desktop&#8221; module_alignment=&#8221;center&#8221; custom_margin=&#8221;-100px||0px||false|false&#8221; custom_padding=&#8221;50px|110px|140px|110px|false|true&#8221; custom_padding_tablet=&#8221;|50px||50px|false|true&#8221; custom_padding_phone=&#8221;30px|40px||40px|false|true&#8221; border_radii=&#8221;on|5px|5px|5px|5px&#8221; global_colors_info=&#8221;{}&#8221;][et_pb_column type=&#8221;2_3&#8243; _builder_version=&#8221;4.18.0&#8243; _module_preset=&#8221;default&#8221; global_colors_info=&#8221;{}&#8221;][et_pb_text _builder_version=&#8221;4.20.2&#8243; _module_preset=&#8221;default&#8221; text_font=&#8221;||||||||&#8221; text_text_color=&#8221;#000000&#8243; text_font_size=&#8221;16px&#8221; text_line_height=&#8221;2em&#8221; header_font=&#8221;||||||||&#8221; header_font_size=&#8221;44px&#8221; header_2_font=&#8221;||||||||&#8221; header_2_font_size=&#8221;30px&#8221; custom_margin=&#8221;0px|-291px|0px||false|false&#8221; custom_padding=&#8221;||0px|||&#8221; hover_enabled=&#8221;0&#8243; header_font_size_tablet=&#8221;44px&#8221; header_font_size_phone=&#8221;30px&#8221; header_font_size_last_edited=&#8221;on|desktop&#8221; header_2_font_size_tablet=&#8221;30px&#8221; header_2_font_size_phone=&#8221;20px&#8221; header_2_font_size_last_edited=&#8221;on|phone&#8221; global_colors_info=&#8221;{}&#8221; sticky_enabled=&#8221;0&#8243;]<\/p>\n<h2>Antoine Moueix Properties<\/h2>\n<p><span data-contrast=\"auto\">A historic name in Bordeaux wine based in Libourne since 1902, Antoine Moueix Propri\u00e9t\u00e9s joined the AdVini family in 2006. Today, the company owns, grows and vinifies ten Rive Droite properties, including Ch\u00e2teau Capet-Guillier and Tour de Capet in the Saint Emilion Grand Cru appelation, Ch\u00e2teau Mirefleurs and Ch\u00e2teau Grand Renom in the Bordeaux Sup\u00e9rieur, and three located on the Rive Gauche: Ch\u00e2teau Patache d&#8217;Aux in M\u00e9doc, and Ch\u00e2teau Liversan and Ch\u00e2teau d&#8217;Hanteillan in Haut M\u00e9doc. <\/span><\/p>\n<p><span data-contrast=\"auto\">Antoine Moueix operates over 300 hectares of vines in the most beautiful appellations, taking a holistic approach to wine making for sustainable vines and healthy wines that are more and more true to their terroirs. At the forefront of environmental research, Antoine Moueix estates are open to all with the aim of sharing best practices and benefits.<\/span><\/p>\n<p><span data-contrast=\"auto\"><\/span><\/p>\n<p><span data-contrast=\"auto\"><\/span><\/p>\n<p>[\/et_pb_text][et_pb_button button_url=&#8221;https:\/\/www.antoinemoueix.com\/en\/home\/&#8221; url_new_window=&#8221;on&#8221; button_text=&#8221;See website&#8221; button_alignment=&#8221;left&#8221; _builder_version=&#8221;4.20.2&#8243; _module_preset=&#8221;default&#8221; custom_button=&#8221;on&#8221; button_text_size=&#8221;12px&#8221; button_text_color=&#8221;gcid-883f0ec4-3dfe-45b5-90c9-08c2b43627f4&#8243; button_bg_color=&#8221;#ded9d4&#8243; button_border_width=&#8221;0px&#8221; button_border_radius=&#8221;5px&#8221; button_letter_spacing=&#8221;3px&#8221; button_font=&#8221;Montserrat|600||on|||||&#8221; button_use_icon=&#8221;off&#8221; custom_padding=&#8221;14px|25px|14px|25px|false|true&#8221; hover_enabled=&#8221;0&#8243; global_colors_info=&#8221;{%22gcid-883f0ec4-3dfe-45b5-90c9-08c2b43627f4%22:%91%22button_text_color%22%93}&#8221; button_bg_color__hover_enabled=&#8221;on|hover&#8221; button_bg_color__hover=&#8221;#d7d1cb&#8221; button_bg_enable_color__hover=&#8221;on&#8221; sticky_enabled=&#8221;0&#8243;][\/et_pb_button][\/et_pb_column][et_pb_column type=&#8221;1_3&#8243; _builder_version=&#8221;4.18.0&#8243; _module_preset=&#8221;default&#8221; global_colors_info=&#8221;{}&#8221;][\/et_pb_column][\/et_pb_row][\/et_pb_section]<\/p>\n","protected":false},"excerpt":{"rendered":"<p>Wine Estates &#038; VineyardsBordeaux<span><span><a href=\"https:\/\/www.advini.com\/en\/\">Home<\/a><\/span><\/span>Bordeaux is the largest wine region in France and has the international reputation to match. Nestled around the Dordogne and Garonne rivers and the Gironde estuary, Bordeaux vineyards yield a diverse range of wines that reflect the region\u2019s many terroirs. Antoine Moueix Propri\u00e9t\u00e9s is an invitation to discover the Rive Gauche and [&hellip;]<\/p>\n","protected":false},"author":1,"featured_media":0,"parent":3924,"menu_order":0,"comment_status":"closed","ping_status":"closed","template":"","meta":{"_acf_changed":false,"_et_pb_use_builder":"on","_et_pb_old_content":"","_et_gb_content_width":"","footnotes":""},"folder":[57],"class_list":["post-3986","page","type-page","status-publish","hentry"],"acf":[],"yoast_head":"<!-- This site is optimized with the Yoast SEO plugin v27.2 - https:\/\/yoast.com\/product\/yoast-seo-wordpress\/ -->\n<title>Wine Estates &amp; Vineyards Bordeaux - Advini<\/title>\n<meta name=\"description\" content=\"Antoine Moueix Propri\u00e9t\u00e9s is an invitation to discover the Rive Gauche and Rive Droite wines of Bordeaux.\" \/>\n<meta name=\"robots\" content=\"index, follow, max-snippet:-1, max-image-preview:large, max-video-preview:-1\" \/>\n<link rel=\"canonical\" href=\"https:\/\/www.advini.com\/en\/our-estates\/wine-estates-and-vineyards\/wine-estates-and-vineyards-bordeaux\/\" \/>\n<meta property=\"og:locale\" content=\"en_US\" \/>\n<meta property=\"og:type\" content=\"article\" \/>\n<meta property=\"og:title\" content=\"Wine Estates &amp; Vineyards Bordeaux - Advini\" \/>\n<meta property=\"og:description\" content=\"Antoine Moueix Propri\u00e9t\u00e9s is an invitation to discover the Rive Gauche and Rive Droite wines of Bordeaux.\" \/>\n<meta property=\"og:url\" content=\"https:\/\/www.advini.com\/en\/our-estates\/wine-estates-and-vineyards\/wine-estates-and-vineyards-bordeaux\/\" \/>\n<meta property=\"og:site_name\" content=\"Advini\" \/>\n<meta property=\"article:modified_time\" content=\"2023-06-05T12:19:01+00:00\" \/>\n<meta name=\"twitter:card\" content=\"summary_large_image\" \/>\n<meta name=\"twitter:label1\" content=\"Est. reading time\" \/>\n\t<meta name=\"twitter:data1\" content=\"3 minutes\" \/>\n<script type=\"application\/ld+json\" class=\"yoast-schema-graph\">{\"@context\":\"https:\/\/schema.org\",\"@graph\":[{\"@type\":\"WebPage\",\"@id\":\"https:\/\/www.advini.com\/en\/our-estates\/wine-estates-and-vineyards\/wine-estates-and-vineyards-bordeaux\/\",\"url\":\"https:\/\/www.advini.com\/en\/our-estates\/wine-estates-and-vineyards\/wine-estates-and-vineyards-bordeaux\/\",\"name\":\"Wine Estates & Vineyards Bordeaux - Advini\",\"isPartOf\":{\"@id\":\"https:\/\/www.advini.com\/en\/#website\"},\"datePublished\":\"2022-06-13T12:13:03+00:00\",\"dateModified\":\"2023-06-05T12:19:01+00:00\",\"description\":\"Antoine Moueix Propri\u00e9t\u00e9s is an invitation to discover the Rive Gauche and Rive Droite wines of Bordeaux.\",\"breadcrumb\":{\"@id\":\"https:\/\/www.advini.com\/en\/our-estates\/wine-estates-and-vineyards\/wine-estates-and-vineyards-bordeaux\/#breadcrumb\"},\"inLanguage\":\"en-US\",\"potentialAction\":[{\"@type\":\"ReadAction\",\"target\":[\"https:\/\/www.advini.com\/en\/our-estates\/wine-estates-and-vineyards\/wine-estates-and-vineyards-bordeaux\/\"]}]},{\"@type\":\"BreadcrumbList\",\"@id\":\"https:\/\/www.advini.com\/en\/our-estates\/wine-estates-and-vineyards\/wine-estates-and-vineyards-bordeaux\/#breadcrumb\",\"itemListElement\":[{\"@type\":\"ListItem\",\"position\":1,\"name\":\"Home\",\"item\":\"https:\/\/www.advini.com\/en\/\"},{\"@type\":\"ListItem\",\"position\":2,\"name\":\"Our estates\",\"item\":\"https:\/\/www.advini.com\/en\/nos-maisons\/\"},{\"@type\":\"ListItem\",\"position\":3,\"name\":\"Wine estates &#038; vineyards\",\"item\":\"https:\/\/www.advini.com\/en\/nos-maisons\/maisons-de-vins-et-vignobles\/\"},{\"@type\":\"ListItem\",\"position\":4,\"name\":\"Wine Estates &#038; Vineyards Bordeaux\"}]},{\"@type\":\"WebSite\",\"@id\":\"https:\/\/www.advini.com\/en\/#website\",\"url\":\"https:\/\/www.advini.com\/en\/\",\"name\":\"Advini\",\"description\":\"Leader fran\u00e7ais des vins de terroir\",\"publisher\":{\"@id\":\"https:\/\/www.advini.com\/en\/#organization\"},\"potentialAction\":[{\"@type\":\"SearchAction\",\"target\":{\"@type\":\"EntryPoint\",\"urlTemplate\":\"https:\/\/www.advini.com\/en\/?s={search_term_string}\"},\"query-input\":{\"@type\":\"PropertyValueSpecification\",\"valueRequired\":true,\"valueName\":\"search_term_string\"}}],\"inLanguage\":\"en-US\"},{\"@type\":\"Organization\",\"@id\":\"https:\/\/www.advini.com\/en\/#organization\",\"name\":\"Advini\",\"url\":\"https:\/\/www.advini.com\/en\/\",\"logo\":{\"@type\":\"ImageObject\",\"inLanguage\":\"en-US\",\"@id\":\"https:\/\/www.advini.com\/en\/#\/schema\/logo\/image\/\",\"url\":\"\",\"contentUrl\":\"\",\"caption\":\"Advini\"},\"image\":{\"@id\":\"https:\/\/www.advini.com\/en\/#\/schema\/logo\/image\/\"}}]}<\/script>\n<!-- \/ Yoast SEO plugin. -->","yoast_head_json":{"title":"Wine Estates & Vineyards Bordeaux - Advini","description":"Antoine Moueix Propri\u00e9t\u00e9s is an invitation to discover the Rive Gauche and Rive Droite wines of Bordeaux.","robots":{"index":"index","follow":"follow","max-snippet":"max-snippet:-1","max-image-preview":"max-image-preview:large","max-video-preview":"max-video-preview:-1"},"canonical":"https:\/\/www.advini.com\/en\/our-estates\/wine-estates-and-vineyards\/wine-estates-and-vineyards-bordeaux\/","og_locale":"en_US","og_type":"article","og_title":"Wine Estates & Vineyards Bordeaux - Advini","og_description":"Antoine Moueix Propri\u00e9t\u00e9s is an invitation to discover the Rive Gauche and Rive Droite wines of Bordeaux.","og_url":"https:\/\/www.advini.com\/en\/our-estates\/wine-estates-and-vineyards\/wine-estates-and-vineyards-bordeaux\/","og_site_name":"Advini","article_modified_time":"2023-06-05T12:19:01+00:00","twitter_card":"summary_large_image","twitter_misc":{"Est. reading time":"3 minutes"},"schema":{"@context":"https:\/\/schema.org","@graph":[{"@type":"WebPage","@id":"https:\/\/www.advini.com\/en\/our-estates\/wine-estates-and-vineyards\/wine-estates-and-vineyards-bordeaux\/","url":"https:\/\/www.advini.com\/en\/our-estates\/wine-estates-and-vineyards\/wine-estates-and-vineyards-bordeaux\/","name":"Wine Estates & Vineyards Bordeaux - Advini","isPartOf":{"@id":"https:\/\/www.advini.com\/en\/#website"},"datePublished":"2022-06-13T12:13:03+00:00","dateModified":"2023-06-05T12:19:01+00:00","description":"Antoine Moueix Propri\u00e9t\u00e9s is an invitation to discover the Rive Gauche and Rive Droite wines of Bordeaux.","breadcrumb":{"@id":"https:\/\/www.advini.com\/en\/our-estates\/wine-estates-and-vineyards\/wine-estates-and-vineyards-bordeaux\/#breadcrumb"},"inLanguage":"en-US","potentialAction":[{"@type":"ReadAction","target":["https:\/\/www.advini.com\/en\/our-estates\/wine-estates-and-vineyards\/wine-estates-and-vineyards-bordeaux\/"]}]},{"@type":"BreadcrumbList","@id":"https:\/\/www.advini.com\/en\/our-estates\/wine-estates-and-vineyards\/wine-estates-and-vineyards-bordeaux\/#breadcrumb","itemListElement":[{"@type":"ListItem","position":1,"name":"Home","item":"https:\/\/www.advini.com\/en\/"},{"@type":"ListItem","position":2,"name":"Our estates","item":"https:\/\/www.advini.com\/en\/nos-maisons\/"},{"@type":"ListItem","position":3,"name":"Wine estates &#038; vineyards","item":"https:\/\/www.advini.com\/en\/nos-maisons\/maisons-de-vins-et-vignobles\/"},{"@type":"ListItem","position":4,"name":"Wine Estates &#038; Vineyards Bordeaux"}]},{"@type":"WebSite","@id":"https:\/\/www.advini.com\/en\/#website","url":"https:\/\/www.advini.com\/en\/","name":"Advini","description":"Leader fran\u00e7ais des vins de terroir","publisher":{"@id":"https:\/\/www.advini.com\/en\/#organization"},"potentialAction":[{"@type":"SearchAction","target":{"@type":"EntryPoint","urlTemplate":"https:\/\/www.advini.com\/en\/?s={search_term_string}"},"query-input":{"@type":"PropertyValueSpecification","valueRequired":true,"valueName":"search_term_string"}}],"inLanguage":"en-US"},{"@type":"Organization","@id":"https:\/\/www.advini.com\/en\/#organization","name":"Advini","url":"https:\/\/www.advini.com\/en\/","logo":{"@type":"ImageObject","inLanguage":"en-US","@id":"https:\/\/www.advini.com\/en\/#\/schema\/logo\/image\/","url":"","contentUrl":"","caption":"Advini"},"image":{"@id":"https:\/\/www.advini.com\/en\/#\/schema\/logo\/image\/"}}]}},"_links":{"self":[{"href":"https:\/\/www.advini.com\/en\/wp-json\/wp\/v2\/pages\/3986","targetHints":{"allow":["GET"]}}],"collection":[{"href":"https:\/\/www.advini.com\/en\/wp-json\/wp\/v2\/pages"}],"about":[{"href":"https:\/\/www.advini.com\/en\/wp-json\/wp\/v2\/types\/page"}],"author":[{"embeddable":true,"href":"https:\/\/www.advini.com\/en\/wp-json\/wp\/v2\/users\/1"}],"replies":[{"embeddable":true,"href":"https:\/\/www.advini.com\/en\/wp-json\/wp\/v2\/comments?post=3986"}],"version-history":[{"count":14,"href":"https:\/\/www.advini.com\/en\/wp-json\/wp\/v2\/pages\/3986\/revisions"}],"predecessor-version":[{"id":6655,"href":"https:\/\/www.advini.com\/en\/wp-json\/wp\/v2\/pages\/3986\/revisions\/6655"}],"up":[{"embeddable":true,"href":"https:\/\/www.advini.com\/en\/wp-json\/wp\/v2\/pages\/3924"}],"wp:attachment":[{"href":"https:\/\/www.advini.com\/en\/wp-json\/wp\/v2\/media?parent=3986"}],"wp:term":[{"taxonomy":"folder","embeddable":true,"href":"https:\/\/www.advini.com\/en\/wp-json\/wp\/v2\/folder?post=3986"}],"curies":[{"name":"wp","href":"https:\/\/api.w.org\/{rel}","templated":true}]}}