{"id":3993,"date":"2022-06-15T09:32:05","date_gmt":"2022-06-15T07:32:05","guid":{"rendered":"https:\/\/www.advini.com\/our-estates\/wine-estates-services\/wine-estates-services-rhone-valley\/"},"modified":"2023-06-05T14:38:03","modified_gmt":"2023-06-05T12:38:03","slug":"wine-estates-services-rhone-valley","status":"publish","type":"page","link":"https:\/\/www.advini.com\/en\/our-estates\/wine-estates-services\/wine-estates-services-rhone-valley\/","title":{"rendered":"Wine Estates &#038; Services Rh\u00f4ne Valley"},"content":{"rendered":"<p>[et_pb_section fb_built=&#8221;1&#8243; _builder_version=&#8221;4.18.0&#8243; _module_preset=&#8221;default&#8221; background_image=&#8221;https:\/\/www.advini.com\/wp-content\/uploads\/2022\/06\/ValleeDuRhone-bandeau-scaled.jpg&#8221; module_alignment=&#8221;center&#8221; min_height_tablet=&#8221;200px&#8221; min_height_phone=&#8221;150px&#8221; min_height_last_edited=&#8221;on|desktop&#8221; height=&#8221;300px&#8221; height_tablet=&#8221;300px&#8221; height_phone=&#8221;150px&#8221; height_last_edited=&#8221;on|phone&#8221; max_height_tablet=&#8221;&#8221; max_height_phone=&#8221;&#8221; max_height_last_edited=&#8221;on|phone&#8221; custom_margin=&#8221;||||true|false&#8221; custom_padding=&#8221;0px||0px||true|false&#8221; animation_style=&#8221;fade&#8221; custom_css_main_element=&#8221;display:flex;||align-items: center;||justify-content:center;&#8221; saved_tabs=&#8221;all&#8221; collapsed=&#8221;off&#8221; global_colors_info=&#8221;{}&#8221;][et_pb_row _builder_version=&#8221;4.16&#8243; background_size=&#8221;initial&#8221; background_position=&#8221;top_left&#8221; background_repeat=&#8221;repeat&#8221; custom_margin=&#8221;0px||0px||false|false&#8221; custom_padding=&#8221;0px||0px||false|false&#8221; collapsed=&#8221;off&#8221; global_colors_info=&#8221;{}&#8221;][et_pb_column type=&#8221;4_4&#8243; _builder_version=&#8221;4.16&#8243; _module_preset=&#8221;default&#8221; global_colors_info=&#8221;{}&#8221;][et_pb_text _builder_version=&#8221;4.18.0&#8243; _module_preset=&#8221;default&#8221; text_font_size=&#8221;44px&#8221; header_font=&#8221;|600||on|||||&#8221; header_text_align=&#8221;center&#8221; header_text_color=&#8221;#ffffff&#8221; header_font_size=&#8221;44px&#8221; custom_margin=&#8221;0px|0px|0px|0px|false|false&#8221; custom_padding=&#8221;0px|0px|0px|0px|false|false&#8221; text_font_size_tablet=&#8221;44px&#8221; text_font_size_phone=&#8221;30px&#8221; text_font_size_last_edited=&#8221;on|desktop&#8221; header_font_size_tablet=&#8221;44px&#8221; header_font_size_phone=&#8221;30px&#8221; header_font_size_last_edited=&#8221;on|desktop&#8221; header_line_height_tablet=&#8221;&#8221; header_line_height_phone=&#8221;&#8221; header_line_height_last_edited=&#8221;on|phone&#8221; custom_css_main_element=&#8221;padding-bottom : 0;&#8221; global_colors_info=&#8221;{}&#8221;]<\/p>\n<h1>Wine Estates &amp; Services<br \/>Rh\u00f4ne Valley<\/h1>\n<p>[\/et_pb_text][\/et_pb_column][\/et_pb_row][\/et_pb_section][et_pb_section fb_built=&#8221;1&#8243; custom_padding_last_edited=&#8221;on|phone&#8221; _builder_version=&#8221;4.18.0&#8243; _module_preset=&#8221;default&#8221; module_alignment=&#8221;center&#8221; custom_padding=&#8221;30px||50px||false|false&#8221; custom_padding_tablet=&#8221;||30px||false|false&#8221; custom_padding_phone=&#8221;||20px||false|false&#8221; animation_style=&#8221;fade&#8221; collapsed=&#8221;off&#8221; global_colors_info=&#8221;{}&#8221;][et_pb_row _builder_version=&#8221;4.16&#8243; _module_preset=&#8221;default&#8221; max_width=&#8221;850px&#8221; custom_margin=&#8221;0px||0px||false|false&#8221; custom_padding=&#8221;0px|0px|0px|0px|false|false&#8221; global_colors_info=&#8221;{}&#8221;][et_pb_column type=&#8221;4_4&#8243; _builder_version=&#8221;4.16&#8243; _module_preset=&#8221;default&#8221; global_colors_info=&#8221;{}&#8221;][et_pb_text _builder_version=&#8221;4.18.0&#8243; _dynamic_attributes=&#8221;link_option_url&#8221; _module_preset=&#8221;default&#8221; text_font=&#8221;||||||||&#8221; header_text_align=&#8221;center&#8221; link_option_url=&#8221;@ET-DC@eyJkeW5hbWljIjp0cnVlLCJjb250ZW50IjoicG9zdF9saW5rX3VybF9wYWdlIiwic2V0dGluZ3MiOnsicG9zdF9pZCI6IjI0OCJ9fQ==@&#8221; text_font_size_tablet=&#8221;&#8221; text_font_size_phone=&#8221;12px&#8221; text_font_size_last_edited=&#8221;on|tablet&#8221; global_colors_info=&#8221;{}&#8221;]<\/p>\n<span><span><a href=\"https:\/\/www.advini.com\/en\/\">Home<\/a><\/span><\/span>\n<p>[\/et_pb_text][\/et_pb_column][\/et_pb_row][\/et_pb_section][et_pb_section fb_built=&#8221;1&#8243; custom_padding_last_edited=&#8221;on|desktop&#8221; _builder_version=&#8221;4.18.0&#8243; _module_preset=&#8221;default&#8221; custom_margin=&#8221;0px||||false|false&#8221; custom_padding=&#8221;0px||100px||false|false&#8221; custom_padding_tablet=&#8221;||70px||false|false&#8221; custom_padding_phone=&#8221;0px||50px||false|false&#8221; animation_style=&#8221;slide&#8221; animation_direction=&#8221;bottom&#8221; animation_intensity_slide=&#8221;5%&#8221; collapsed=&#8221;on&#8221; global_colors_info=&#8221;{}&#8221;][et_pb_row _builder_version=&#8221;4.16&#8243; _module_preset=&#8221;default&#8221; max_width=&#8221;850px&#8221; custom_margin=&#8221;0px||0px||true|false&#8221; custom_padding=&#8221;0px||0px||true|false&#8221; global_colors_info=&#8221;{}&#8221;][et_pb_column type=&#8221;4_4&#8243; _builder_version=&#8221;4.16&#8243; _module_preset=&#8221;default&#8221; global_colors_info=&#8221;{}&#8221;][et_pb_text _builder_version=&#8221;4.18.0&#8243; _module_preset=&#8221;default&#8221; text_font=&#8221;||||||||&#8221; text_font_size=&#8221;16px&#8221; text_line_height=&#8221;2em&#8221; global_colors_info=&#8221;{}&#8221;]<\/p>\n<p>The Rhone Valley is France\u2019s second largest wine region.  The richness of its southern region, which extends from Mont\u00e9limar to Avignon, is unrivaled. The birthplace of the C\u00f4tes-du-Rh\u00f4ne appellation, this region is also home to eight renowned appellations, including Ch\u00e2teauneuf-du-Pape, Lirac and Gigondas. <\/p>\n<p>\nMaison Cave des Papes has made the richness of the southern Rh\u00f4ne Valley its creative canvas. <\/p>\n<p>[\/et_pb_text][\/et_pb_column][\/et_pb_row][\/et_pb_section][et_pb_section fb_built=&#8221;1&#8243; _builder_version=&#8221;4.18.0&#8243; _module_preset=&#8221;default&#8221; custom_margin=&#8221;0px||0px||false|false&#8221; custom_padding=&#8221;0px||0px||false|false&#8221; animation_style=&#8221;slide&#8221; animation_direction=&#8221;bottom&#8221; animation_intensity_slide=&#8221;5%&#8221; global_colors_info=&#8221;{}&#8221;][et_pb_row use_custom_gutter=&#8221;on&#8221; gutter_width=&#8221;2&#8243; _builder_version=&#8221;4.16&#8243; _module_preset=&#8221;default&#8221; background_image=&#8221;https:\/\/www.advini.com\/wp-content\/uploads\/2022\/06\/caves-des-papes-vallee-du-rhone.jpg&#8221; max_width=&#8221;1280px&#8221; height=&#8221;568px&#8221; max_height=&#8221;568px&#8221; custom_margin=&#8221;0px||0px||false|false&#8221; custom_margin_tablet=&#8221;||30px||false|false&#8221; custom_margin_phone=&#8221;||30px||false|false&#8221; custom_margin_last_edited=&#8221;on|desktop&#8221; custom_padding=&#8221;0px||0px||false|false&#8221; border_radii=&#8221;on|5px|5px|5px|5px&#8221; global_colors_info=&#8221;{}&#8221;][et_pb_column type=&#8221;4_4&#8243; _builder_version=&#8221;4.16&#8243; _module_preset=&#8221;default&#8221; global_colors_info=&#8221;{}&#8221;][et_pb_image src=&#8221;https:\/\/www.advini.com\/wp-content\/uploads\/2022\/06\/logo-cave-des-papes.png&#8221; alt=&#8221;Logo Caves Des Papes&#8221; title_text=&#8221;logo-cave-des-papes&#8221; align=&#8221;center&#8221; _builder_version=&#8221;4.18.0&#8243; _module_preset=&#8221;default&#8221; max_width=&#8221;300px&#8221; max_height=&#8221;300px&#8221; custom_margin=&#8221;80px||||false|false&#8221; global_colors_info=&#8221;{}&#8221;][\/et_pb_image][\/et_pb_column][\/et_pb_row][et_pb_row custom_padding_last_edited=&#8221;on|desktop&#8221; _builder_version=&#8221;4.20.2&#8243; _module_preset=&#8221;default&#8221; background_color=&#8221;#ffffff&#8221; width_tablet=&#8221;74%&#8221; width_phone=&#8221;74%&#8221; width_last_edited=&#8221;on|desktop&#8221; module_alignment=&#8221;center&#8221; custom_margin=&#8221;-100px||0px||false|false&#8221; custom_padding=&#8221;50px|110px|140px|110px|false|true&#8221; custom_padding_tablet=&#8221;|50px||50px|false|true&#8221; custom_padding_phone=&#8221;30px|40px||40px|false|true&#8221; hover_enabled=&#8221;0&#8243; border_radii=&#8221;on|5px|5px|5px|5px&#8221; global_colors_info=&#8221;{}&#8221; sticky_enabled=&#8221;0&#8243;][et_pb_column type=&#8221;4_4&#8243; _builder_version=&#8221;4.18.0&#8243; _module_preset=&#8221;default&#8221; global_colors_info=&#8221;{}&#8221;][et_pb_text _builder_version=&#8221;4.18.0&#8243; _module_preset=&#8221;default&#8221; text_font=&#8221;||||||||&#8221; text_text_color=&#8221;#57544c&#8221; text_font_size=&#8221;16px&#8221; text_line_height=&#8221;2em&#8221; header_font=&#8221;Didot Roman||||||||&#8221; header_font_size=&#8221;44px&#8221; header_2_font=&#8221;|600|||||||&#8221; header_2_font_size=&#8221;30px&#8221; custom_margin=&#8221;0px||0px||false|false&#8221; custom_padding=&#8221;||0px|||&#8221; header_font_size_tablet=&#8221;44px&#8221; header_font_size_phone=&#8221;30px&#8221; header_font_size_last_edited=&#8221;on|desktop&#8221; header_2_font_size_tablet=&#8221;30px&#8221; header_2_font_size_phone=&#8221;20px&#8221; header_2_font_size_last_edited=&#8221;on|phone&#8221; global_colors_info=&#8221;{}&#8221;]<\/p>\n<h2><span data-contrast=\"auto\" xml:lang=\"FR-FR\" class=\"TextRun SCXW172040753 BCX2\" lang=\"FR-FR\"><span class=\"NormalTextRun SCXW172040753 BCX2\">Caves des Papes\u00a0<\/span><\/span><\/h2>\n<p><span data-contrast=\"auto\">Located in the heart of the Rhone Valley vineyards, Caves des Papes is a major n\u00e9gociant and bottler in the Rhone Valley and the leading operator in the Ch\u00e2teauneuf-du-Pape appellation.  Thanks to age-old expertise, supported by its wine making and cellar equipment together with its packaging and logistics site in Sorgues, the Cave des Papes develops tailored solutions for customers all over the world.\u202f   <\/span><span data-ccp-props=\"{&quot;201341983&quot;:0,&quot;335551550&quot;:6,&quot;335551620&quot;:6,&quot;335559739&quot;:0,&quot;335559740&quot;:264}\" style=\"font-size: 16px;\">\u00a0<\/span><\/p>\n<p><span data-contrast=\"auto\">Caves des Papes has also built strong and enduring partnerships with estates and ch\u00e2teaux in the Rh\u00f4ne Valley: Domaine de la Vall\u00e9e des Grives in Valr\u00e9as, Domaine de la Petite Biscarelle in Ch\u00e2teauneuf-du-Pape, Domaine de la Couquihado near Orange, and Domaine Notre-Dame de Cousignac in Ard\u00e8che.<\/span><span data-ccp-props=\"{&quot;201341983&quot;:0,&quot;335551550&quot;:6,&quot;335551620&quot;:6,&quot;335559739&quot;:0,&quot;335559740&quot;:264}\">\u00a0<\/span><\/p>\n<p><span data-contrast=\"auto\">A passionate team at Caves des Papes markets wines with bold personality, grown using conventional and organic methods from every appellation and cru of the Rh\u00f4ne Valley, including C\u00f4tes-du-Rh\u00f4ne, Rasteau, Lirac, Gigondas and Ch\u00e2teauneuf-du-Pape. <\/span><span data-ccp-props=\"{&quot;201341983&quot;:0,&quot;335551550&quot;:6,&quot;335551620&quot;:6,&quot;335559739&quot;:0,&quot;335559740&quot;:264}\">\u00a0<\/span><\/p>\n<p>[\/et_pb_text][\/et_pb_column][\/et_pb_row][\/et_pb_section]<\/p>\n","protected":false},"excerpt":{"rendered":"<p>Wine Estates &amp; ServicesRh\u00f4ne Valley<span><span><a href=\"https:\/\/www.advini.com\/en\/\">Home<\/a><\/span><\/span>The Rhone Valley is France\u2019s second largest wine region. The richness of its southern region, which extends from Mont\u00e9limar to Avignon, is unrivaled. The birthplace of the C\u00f4tes-du-Rh\u00f4ne appellation, this region is also home to eight renowned appellations, including Ch\u00e2teauneuf-du-Pape, Lirac and Gigondas. Maison Cave des Papes has made the richness [&hellip;]<\/p>\n","protected":false},"author":1,"featured_media":0,"parent":3983,"menu_order":0,"comment_status":"closed","ping_status":"closed","template":"","meta":{"_acf_changed":false,"_et_pb_use_builder":"on","_et_pb_old_content":"","_et_gb_content_width":"","footnotes":""},"folder":[56],"class_list":["post-3993","page","type-page","status-publish","hentry"],"acf":[],"yoast_head":"<!-- This site is optimized with the Yoast SEO plugin v27.2 - https:\/\/yoast.com\/product\/yoast-seo-wordpress\/ -->\n<title>Wine Estates &amp; Services Rh\u00f4ne Valley - Advini<\/title>\n<meta name=\"description\" content=\"Maison Cave des Papes has made the richness of the southern Rh\u00f4ne Valley its creative and unrivaled canvas.\" \/>\n<meta name=\"robots\" content=\"index, follow, max-snippet:-1, max-image-preview:large, max-video-preview:-1\" \/>\n<link rel=\"canonical\" href=\"https:\/\/www.advini.com\/en\/our-estates\/wine-estates-services\/wine-estates-services-rhone-valley\/\" \/>\n<meta property=\"og:locale\" content=\"en_US\" \/>\n<meta property=\"og:type\" content=\"article\" \/>\n<meta property=\"og:title\" content=\"Wine Estates &amp; Services Rh\u00f4ne Valley - Advini\" \/>\n<meta property=\"og:description\" content=\"Maison Cave des Papes has made the richness of the southern Rh\u00f4ne Valley its creative and unrivaled canvas.\" \/>\n<meta property=\"og:url\" content=\"https:\/\/www.advini.com\/en\/our-estates\/wine-estates-services\/wine-estates-services-rhone-valley\/\" \/>\n<meta property=\"og:site_name\" content=\"Advini\" \/>\n<meta property=\"article:modified_time\" content=\"2023-06-05T12:38:03+00:00\" \/>\n<meta name=\"twitter:card\" content=\"summary_large_image\" \/>\n<meta name=\"twitter:label1\" content=\"Est. reading time\" \/>\n\t<meta name=\"twitter:data1\" content=\"3 minutes\" \/>\n<script type=\"application\/ld+json\" class=\"yoast-schema-graph\">{\"@context\":\"https:\/\/schema.org\",\"@graph\":[{\"@type\":\"WebPage\",\"@id\":\"https:\/\/www.advini.com\/en\/our-estates\/wine-estates-services\/wine-estates-services-rhone-valley\/\",\"url\":\"https:\/\/www.advini.com\/en\/our-estates\/wine-estates-services\/wine-estates-services-rhone-valley\/\",\"name\":\"Wine Estates & Services Rh\u00f4ne Valley - Advini\",\"isPartOf\":{\"@id\":\"https:\/\/www.advini.com\/en\/#website\"},\"datePublished\":\"2022-06-15T07:32:05+00:00\",\"dateModified\":\"2023-06-05T12:38:03+00:00\",\"description\":\"Maison Cave des Papes has made the richness of the southern Rh\u00f4ne Valley its creative and unrivaled canvas.\",\"breadcrumb\":{\"@id\":\"https:\/\/www.advini.com\/en\/our-estates\/wine-estates-services\/wine-estates-services-rhone-valley\/#breadcrumb\"},\"inLanguage\":\"en-US\",\"potentialAction\":[{\"@type\":\"ReadAction\",\"target\":[\"https:\/\/www.advini.com\/en\/our-estates\/wine-estates-services\/wine-estates-services-rhone-valley\/\"]}]},{\"@type\":\"BreadcrumbList\",\"@id\":\"https:\/\/www.advini.com\/en\/our-estates\/wine-estates-services\/wine-estates-services-rhone-valley\/#breadcrumb\",\"itemListElement\":[{\"@type\":\"ListItem\",\"position\":1,\"name\":\"Home\",\"item\":\"https:\/\/www.advini.com\/en\/\"},{\"@type\":\"ListItem\",\"position\":2,\"name\":\"Our estates\",\"item\":\"https:\/\/www.advini.com\/en\/nos-maisons\/\"},{\"@type\":\"ListItem\",\"position\":3,\"name\":\"Wine Estates &#038; Services\",\"item\":\"https:\/\/www.advini.com\/en\/nos-maisons\/marques-et-produits-a-facon\/\"},{\"@type\":\"ListItem\",\"position\":4,\"name\":\"Wine Estates &#038; Services Rh\u00f4ne Valley\"}]},{\"@type\":\"WebSite\",\"@id\":\"https:\/\/www.advini.com\/en\/#website\",\"url\":\"https:\/\/www.advini.com\/en\/\",\"name\":\"Advini\",\"description\":\"Leader fran\u00e7ais des vins de terroir\",\"publisher\":{\"@id\":\"https:\/\/www.advini.com\/en\/#organization\"},\"potentialAction\":[{\"@type\":\"SearchAction\",\"target\":{\"@type\":\"EntryPoint\",\"urlTemplate\":\"https:\/\/www.advini.com\/en\/?s={search_term_string}\"},\"query-input\":{\"@type\":\"PropertyValueSpecification\",\"valueRequired\":true,\"valueName\":\"search_term_string\"}}],\"inLanguage\":\"en-US\"},{\"@type\":\"Organization\",\"@id\":\"https:\/\/www.advini.com\/en\/#organization\",\"name\":\"Advini\",\"url\":\"https:\/\/www.advini.com\/en\/\",\"logo\":{\"@type\":\"ImageObject\",\"inLanguage\":\"en-US\",\"@id\":\"https:\/\/www.advini.com\/en\/#\/schema\/logo\/image\/\",\"url\":\"\",\"contentUrl\":\"\",\"caption\":\"Advini\"},\"image\":{\"@id\":\"https:\/\/www.advini.com\/en\/#\/schema\/logo\/image\/\"}}]}<\/script>\n<!-- \/ Yoast SEO plugin. -->","yoast_head_json":{"title":"Wine Estates & Services Rh\u00f4ne Valley - Advini","description":"Maison Cave des Papes has made the richness of the southern Rh\u00f4ne Valley its creative and unrivaled canvas.","robots":{"index":"index","follow":"follow","max-snippet":"max-snippet:-1","max-image-preview":"max-image-preview:large","max-video-preview":"max-video-preview:-1"},"canonical":"https:\/\/www.advini.com\/en\/our-estates\/wine-estates-services\/wine-estates-services-rhone-valley\/","og_locale":"en_US","og_type":"article","og_title":"Wine Estates & Services Rh\u00f4ne Valley - Advini","og_description":"Maison Cave des Papes has made the richness of the southern Rh\u00f4ne Valley its creative and unrivaled canvas.","og_url":"https:\/\/www.advini.com\/en\/our-estates\/wine-estates-services\/wine-estates-services-rhone-valley\/","og_site_name":"Advini","article_modified_time":"2023-06-05T12:38:03+00:00","twitter_card":"summary_large_image","twitter_misc":{"Est. reading time":"3 minutes"},"schema":{"@context":"https:\/\/schema.org","@graph":[{"@type":"WebPage","@id":"https:\/\/www.advini.com\/en\/our-estates\/wine-estates-services\/wine-estates-services-rhone-valley\/","url":"https:\/\/www.advini.com\/en\/our-estates\/wine-estates-services\/wine-estates-services-rhone-valley\/","name":"Wine Estates & Services Rh\u00f4ne Valley - Advini","isPartOf":{"@id":"https:\/\/www.advini.com\/en\/#website"},"datePublished":"2022-06-15T07:32:05+00:00","dateModified":"2023-06-05T12:38:03+00:00","description":"Maison Cave des Papes has made the richness of the southern Rh\u00f4ne Valley its creative and unrivaled canvas.","breadcrumb":{"@id":"https:\/\/www.advini.com\/en\/our-estates\/wine-estates-services\/wine-estates-services-rhone-valley\/#breadcrumb"},"inLanguage":"en-US","potentialAction":[{"@type":"ReadAction","target":["https:\/\/www.advini.com\/en\/our-estates\/wine-estates-services\/wine-estates-services-rhone-valley\/"]}]},{"@type":"BreadcrumbList","@id":"https:\/\/www.advini.com\/en\/our-estates\/wine-estates-services\/wine-estates-services-rhone-valley\/#breadcrumb","itemListElement":[{"@type":"ListItem","position":1,"name":"Home","item":"https:\/\/www.advini.com\/en\/"},{"@type":"ListItem","position":2,"name":"Our estates","item":"https:\/\/www.advini.com\/en\/nos-maisons\/"},{"@type":"ListItem","position":3,"name":"Wine Estates &#038; Services","item":"https:\/\/www.advini.com\/en\/nos-maisons\/marques-et-produits-a-facon\/"},{"@type":"ListItem","position":4,"name":"Wine Estates &#038; Services Rh\u00f4ne Valley"}]},{"@type":"WebSite","@id":"https:\/\/www.advini.com\/en\/#website","url":"https:\/\/www.advini.com\/en\/","name":"Advini","description":"Leader fran\u00e7ais des vins de terroir","publisher":{"@id":"https:\/\/www.advini.com\/en\/#organization"},"potentialAction":[{"@type":"SearchAction","target":{"@type":"EntryPoint","urlTemplate":"https:\/\/www.advini.com\/en\/?s={search_term_string}"},"query-input":{"@type":"PropertyValueSpecification","valueRequired":true,"valueName":"search_term_string"}}],"inLanguage":"en-US"},{"@type":"Organization","@id":"https:\/\/www.advini.com\/en\/#organization","name":"Advini","url":"https:\/\/www.advini.com\/en\/","logo":{"@type":"ImageObject","inLanguage":"en-US","@id":"https:\/\/www.advini.com\/en\/#\/schema\/logo\/image\/","url":"","contentUrl":"","caption":"Advini"},"image":{"@id":"https:\/\/www.advini.com\/en\/#\/schema\/logo\/image\/"}}]}},"_links":{"self":[{"href":"https:\/\/www.advini.com\/en\/wp-json\/wp\/v2\/pages\/3993","targetHints":{"allow":["GET"]}}],"collection":[{"href":"https:\/\/www.advini.com\/en\/wp-json\/wp\/v2\/pages"}],"about":[{"href":"https:\/\/www.advini.com\/en\/wp-json\/wp\/v2\/types\/page"}],"author":[{"embeddable":true,"href":"https:\/\/www.advini.com\/en\/wp-json\/wp\/v2\/users\/1"}],"replies":[{"embeddable":true,"href":"https:\/\/www.advini.com\/en\/wp-json\/wp\/v2\/comments?post=3993"}],"version-history":[{"count":6,"href":"https:\/\/www.advini.com\/en\/wp-json\/wp\/v2\/pages\/3993\/revisions"}],"predecessor-version":[{"id":6669,"href":"https:\/\/www.advini.com\/en\/wp-json\/wp\/v2\/pages\/3993\/revisions\/6669"}],"up":[{"embeddable":true,"href":"https:\/\/www.advini.com\/en\/wp-json\/wp\/v2\/pages\/3983"}],"wp:attachment":[{"href":"https:\/\/www.advini.com\/en\/wp-json\/wp\/v2\/media?parent=3993"}],"wp:term":[{"taxonomy":"folder","embeddable":true,"href":"https:\/\/www.advini.com\/en\/wp-json\/wp\/v2\/folder?post=3993"}],"curies":[{"name":"wp","href":"https:\/\/api.w.org\/{rel}","templated":true}]}}