{"id":3996,"date":"2022-06-15T09:46:01","date_gmt":"2022-06-15T07:46:01","guid":{"rendered":"https:\/\/www.advini.com\/our-estates\/wine-estates-services\/our-wine-estates-services-provence\/"},"modified":"2023-06-05T14:37:14","modified_gmt":"2023-06-05T12:37:14","slug":"our-wine-estates-services-provence","status":"publish","type":"page","link":"https:\/\/www.advini.com\/en\/our-estates\/wine-estates-services\/our-wine-estates-services-provence\/","title":{"rendered":"Wine Estates &#038; Services Provence"},"content":{"rendered":"<p>[et_pb_section fb_built=&#8221;1&#8243; _builder_version=&#8221;4.18.0&#8243; _module_preset=&#8221;default&#8221; background_image=&#8221;https:\/\/www.advini.com\/wp-content\/uploads\/2022\/06\/Provence-bandeau-scaled.jpg&#8221; module_alignment=&#8221;center&#8221; min_height_tablet=&#8221;200px&#8221; min_height_phone=&#8221;150px&#8221; min_height_last_edited=&#8221;on|desktop&#8221; height=&#8221;300px&#8221; height_tablet=&#8221;300px&#8221; height_phone=&#8221;150px&#8221; height_last_edited=&#8221;on|phone&#8221; max_height_tablet=&#8221;&#8221; max_height_phone=&#8221;&#8221; max_height_last_edited=&#8221;on|phone&#8221; custom_margin=&#8221;||||true|false&#8221; custom_padding=&#8221;0px||0px||true|false&#8221; animation_style=&#8221;fade&#8221; custom_css_main_element=&#8221;display:flex;||align-items: center;||justify-content:center;&#8221; saved_tabs=&#8221;all&#8221; collapsed=&#8221;off&#8221; global_colors_info=&#8221;{}&#8221;][et_pb_row _builder_version=&#8221;4.16&#8243; background_size=&#8221;initial&#8221; background_position=&#8221;top_left&#8221; background_repeat=&#8221;repeat&#8221; custom_margin=&#8221;0px||0px||false|false&#8221; custom_padding=&#8221;0px||0px||false|false&#8221; collapsed=&#8221;off&#8221; global_colors_info=&#8221;{}&#8221;][et_pb_column type=&#8221;4_4&#8243; _builder_version=&#8221;4.16&#8243; _module_preset=&#8221;default&#8221; global_colors_info=&#8221;{}&#8221;][et_pb_text _builder_version=&#8221;4.18.0&#8243; _module_preset=&#8221;default&#8221; text_font_size=&#8221;44px&#8221; header_font=&#8221;|||on|||||&#8221; header_text_align=&#8221;center&#8221; header_text_color=&#8221;#ffffff&#8221; header_font_size=&#8221;44px&#8221; custom_margin=&#8221;0px|0px|0px|0px|false|false&#8221; custom_padding=&#8221;0px|0px|0px|0px|false|false&#8221; text_font_size_tablet=&#8221;44px&#8221; text_font_size_phone=&#8221;30px&#8221; text_font_size_last_edited=&#8221;on|desktop&#8221; header_font_size_tablet=&#8221;44px&#8221; header_font_size_phone=&#8221;30px&#8221; header_font_size_last_edited=&#8221;on|desktop&#8221; header_line_height_tablet=&#8221;&#8221; header_line_height_phone=&#8221;&#8221; header_line_height_last_edited=&#8221;on|phone&#8221; custom_css_main_element=&#8221;padding-bottom : 0;&#8221; global_colors_info=&#8221;{}&#8221;]<\/p>\n<h1>Our Wine Estates &amp; Services<br \/>Provence<\/h1>\n<p>[\/et_pb_text][\/et_pb_column][\/et_pb_row][\/et_pb_section][et_pb_section fb_built=&#8221;1&#8243; custom_padding_last_edited=&#8221;on|phone&#8221; admin_label=&#8221;Section&#8221; _builder_version=&#8221;4.18.0&#8243; _module_preset=&#8221;default&#8221; module_alignment=&#8221;center&#8221; custom_padding=&#8221;30px||50px||false|false&#8221; custom_padding_tablet=&#8221;||30px||false|false&#8221; custom_padding_phone=&#8221;30px||20px||false|false&#8221; animation_style=&#8221;fade&#8221; collapsed=&#8221;on&#8221; global_colors_info=&#8221;{}&#8221;][et_pb_row _builder_version=&#8221;4.16&#8243; _module_preset=&#8221;default&#8221; max_width=&#8221;850px&#8221; custom_margin=&#8221;0px||0px||false|false&#8221; custom_padding=&#8221;0px|0px|0px|0px|false|false&#8221; global_colors_info=&#8221;{}&#8221;][et_pb_column type=&#8221;4_4&#8243; _builder_version=&#8221;4.16&#8243; _module_preset=&#8221;default&#8221; global_colors_info=&#8221;{}&#8221;][et_pb_code _builder_version=&#8221;4.16&#8243; _module_preset=&#8221;default&#8221; global_colors_info=&#8221;{}&#8221;]<span><span><a href=\"https:\/\/www.advini.com\/en\/\">Home<\/a><\/span><\/span>[\/et_pb_code][\/et_pb_column][\/et_pb_row][\/et_pb_section][et_pb_section fb_built=&#8221;1&#8243; custom_padding_last_edited=&#8221;on|desktop&#8221; _builder_version=&#8221;4.18.0&#8243; _module_preset=&#8221;default&#8221; custom_margin=&#8221;0px||||false|false&#8221; custom_padding=&#8221;0px||100px||false|false&#8221; custom_padding_tablet=&#8221;||70px||false|false&#8221; custom_padding_phone=&#8221;0px||50px||false|false&#8221; animation_style=&#8221;slide&#8221; animation_direction=&#8221;bottom&#8221; animation_intensity_slide=&#8221;5%&#8221; collapsed=&#8221;on&#8221; global_colors_info=&#8221;{}&#8221;][et_pb_row _builder_version=&#8221;4.16&#8243; _module_preset=&#8221;default&#8221; max_width=&#8221;850px&#8221; custom_margin=&#8221;0px||0px||true|false&#8221; custom_padding=&#8221;0px||0px||true|false&#8221; global_colors_info=&#8221;{}&#8221;][et_pb_column type=&#8221;4_4&#8243; _builder_version=&#8221;4.16&#8243; _module_preset=&#8221;default&#8221; global_colors_info=&#8221;{}&#8221;][et_pb_text _builder_version=&#8221;4.18.0&#8243; _module_preset=&#8221;default&#8221; text_font=&#8221;||||||||&#8221; text_font_size=&#8221;16px&#8221; text_line_height=&#8221;2em&#8221; global_colors_info=&#8221;{}&#8221;]In pleasant Provence, three large appellations \u2014C\u00f4tes de Provence, Coteaux d&#8217;Aix en Provence and Coteaux Varois en Provence\u2014 stretch from the foothills of the Alpilles to Saint-Rapha\u00ebl. Bordered by the Mediterranean, this wine region is likened like no other to a single color: ros\u00e9. <\/p>\n<p>Maison Victoire Provence Exp\u00e9rience draws on the richness of the region\u2019s terroirs to offer its customers a range of subtle yet contrasted Provence ros\u00e9 wines. [\/et_pb_text][\/et_pb_column][\/et_pb_row][\/et_pb_section][et_pb_section fb_built=&#8221;1&#8243; _builder_version=&#8221;4.18.0&#8243; _module_preset=&#8221;default&#8221; custom_margin=&#8221;0px||0px||false|false&#8221; custom_padding=&#8221;0px||0px||false|false&#8221; animation_style=&#8221;slide&#8221; animation_direction=&#8221;bottom&#8221; animation_intensity_slide=&#8221;5%&#8221; global_colors_info=&#8221;{}&#8221;][et_pb_row use_custom_gutter=&#8221;on&#8221; gutter_width=&#8221;2&#8243; _builder_version=&#8221;4.16&#8243; _module_preset=&#8221;default&#8221; background_image=&#8221;https:\/\/www.advini.com\/wp-content\/uploads\/2022\/06\/victoire-provence-experience.jpg&#8221; max_width=&#8221;1280px&#8221; height=&#8221;568px&#8221; max_height=&#8221;568px&#8221; custom_margin=&#8221;0px||0px||false|false&#8221; custom_margin_tablet=&#8221;||30px||false|false&#8221; custom_margin_phone=&#8221;||30px||false|false&#8221; custom_margin_last_edited=&#8221;on|desktop&#8221; custom_padding=&#8221;0px||0px||false|false&#8221; border_radii=&#8221;on|5px|5px|5px|5px&#8221; global_colors_info=&#8221;{}&#8221;][et_pb_column type=&#8221;4_4&#8243; _builder_version=&#8221;4.16&#8243; _module_preset=&#8221;default&#8221; global_colors_info=&#8221;{}&#8221;][et_pb_image src=&#8221;https:\/\/www.advini.com\/wp-content\/uploads\/2022\/06\/logo-victoire-provence-exprience.png&#8221; alt=&#8221;Logo Victoire Provence Exprience&#8221; title_text=&#8221;logo-victoire-provence-exprience&#8221; align=&#8221;center&#8221; _builder_version=&#8221;4.18.0&#8243; _module_preset=&#8221;default&#8221; max_width=&#8221;300px&#8221; max_height=&#8221;300px&#8221; custom_margin=&#8221;80px||||false|false&#8221; global_colors_info=&#8221;{}&#8221;][\/et_pb_image][\/et_pb_column][\/et_pb_row][et_pb_row custom_padding_last_edited=&#8221;on|desktop&#8221; _builder_version=&#8221;4.20.2&#8243; _module_preset=&#8221;default&#8221; background_color=&#8221;#ffffff&#8221; width_tablet=&#8221;74%&#8221; width_phone=&#8221;74%&#8221; width_last_edited=&#8221;on|desktop&#8221; module_alignment=&#8221;center&#8221; custom_margin=&#8221;-100px||0px||false|false&#8221; custom_padding=&#8221;50px|110px|140px|110px|false|true&#8221; custom_padding_tablet=&#8221;|50px||50px|false|true&#8221; custom_padding_phone=&#8221;30px|40px||40px|false|true&#8221; hover_enabled=&#8221;0&#8243; border_radii=&#8221;on|5px|5px|5px|5px&#8221; global_colors_info=&#8221;{}&#8221; sticky_enabled=&#8221;0&#8243;][et_pb_column type=&#8221;4_4&#8243; _builder_version=&#8221;4.18.0&#8243; _module_preset=&#8221;default&#8221; global_colors_info=&#8221;{}&#8221;][et_pb_text _builder_version=&#8221;4.18.0&#8243; _module_preset=&#8221;default&#8221; text_font=&#8221;||||||||&#8221; text_font_size=&#8221;16px&#8221; text_line_height=&#8221;2em&#8221; header_font=&#8221;||||||||&#8221; header_font_size=&#8221;44px&#8221; header_2_font=&#8221;||||||||&#8221; header_2_font_size=&#8221;30px&#8221; custom_margin=&#8221;0px||0px||false|false&#8221; custom_padding=&#8221;||0px|||&#8221; header_font_size_tablet=&#8221;44px&#8221; header_font_size_phone=&#8221;30px&#8221; header_font_size_last_edited=&#8221;on|desktop&#8221; header_2_font_size_tablet=&#8221;30px&#8221; header_2_font_size_phone=&#8221;20px&#8221; header_2_font_size_last_edited=&#8221;on|phone&#8221; global_colors_info=&#8221;{}&#8221;]<\/p>\n<h2><span data-contrast=\"auto\">Victoire Provence Exp\u00e9rience<\/span><span data-ccp-props=\"{&quot;201341983&quot;:0,&quot;335559739&quot;:0,&quot;335559740&quot;:240}\">\u00a0<\/span><\/h2>\n<p><span data-contrast=\"auto\">A \u2018Proven\u00e7al\u2019 AdVini company located at the foot of the Sainte-Victoire, Victoire Provence Exp\u00e9rience is a major n\u00e9gociant in the appellation.   <\/span><span data-ccp-props=\"{&quot;201341983&quot;:0,&quot;335551550&quot;:6,&quot;335551620&quot;:6,&quot;335559739&quot;:0,&quot;335559740&quot;:276}\">\u00a0<\/span><\/p>\n<p><span data-contrast=\"auto\">The maison has developed upstream partnerships with wine boutiques, winemakers and estates in Provence. Victoire Provence Experience works hand in hand with Clos des 3 Sources, which is organically farmed in the Coteaux d&#8217;Aix-en-Provence appellation, and Domaine de l&#8217;Abbaye de Saint-Hilaire in the Coteaux Varois en Provence appellation. The company has established itself as a key player in Provence by ensuring its professional customers quality, consistency and broad access to the different terroirs and vintages of the region. The development of customer brands as well as the creation of valued brands has boosted the company\u2019s success in France and abroad. The Moonlight &#038; Roses vintage was created to embody the elegance and freshness of the terroirs of Provence for wine drinkers around the world. <\/span>[\/et_pb_text][et_pb_text _builder_version=&#8221;4.18.0&#8243; _module_preset=&#8221;default&#8221; text_font=&#8221;Gotham Light||||||||&#8221; text_text_color=&#8221;#57544c&#8221; text_font_size=&#8221;16px&#8221; custom_margin=&#8221;30px||30px||false|false&#8221; link_option_url=&#8221;https:\/\/www.moonlightandroses.fr&#8221; link_option_url_new_window=&#8221;on&#8221; global_colors_info=&#8221;{}&#8221;]<\/p>\n<p><img loading=\"lazy\" decoding=\"async\" src=\"https:\/\/www.advini.com\/wp-content\/uploads\/2022\/06\/logo-MoonlightRoses.png\" width=\"59\" height=\"52\" alt=\"\" class=\"wp-image-1305 alignnone size-full\" \/> <span data-contrast=\"auto\" xml:lang=\"FR-FR\" class=\"TextRun SCXW15791030 BCX2\" lang=\"FR-FR\"><span class=\"NormalTextRun SCXW15791030 BCX2\"><\/span><a href=\"https:\/\/www.moonlightandroses.fr\" target=\"_blank\" rel=\"noopener\" title=\"Moonlight and Roses\"><span class=\"NormalTextRun SCXW15791030 BCX2\">www.<\/span><span class=\"NormalTextRun SCXW15791030 BCX2\">moonlightandroses.fr<\/span><\/a><\/span><\/p>\n<p>[\/et_pb_text][\/et_pb_column][\/et_pb_row][\/et_pb_section]<\/p>\n","protected":false},"excerpt":{"rendered":"<p>Our Wine Estates &amp; ServicesProvence<span><span><a href=\"https:\/\/www.advini.com\/en\/\">Home<\/a><\/span><\/span>In pleasant Provence, three large appellations \u2014C\u00f4tes de Provence, Coteaux d&#8217;Aix en Provence and Coteaux Varois en Provence\u2014 stretch from the foothills of the Alpilles to Saint-Rapha\u00ebl. Bordered by the Mediterranean, this wine region is likened like no other to a single color: ros\u00e9. Maison Victoire Provence Exp\u00e9rience draws on the [&hellip;]<\/p>\n","protected":false},"author":1,"featured_media":0,"parent":3983,"menu_order":0,"comment_status":"closed","ping_status":"closed","template":"","meta":{"_acf_changed":false,"_et_pb_use_builder":"on","_et_pb_old_content":"","_et_gb_content_width":"","footnotes":""},"folder":[56],"class_list":["post-3996","page","type-page","status-publish","hentry"],"acf":[],"yoast_head":"<!-- This site is optimized with the Yoast SEO plugin v27.2 - https:\/\/yoast.com\/product\/yoast-seo-wordpress\/ -->\n<title>Wine Estates &amp; Services Provence - Advini<\/title>\n<meta name=\"description\" content=\"Maison Victoire Provence Exp\u00e9rience draws on the richness of the region\u2019s terroirs to offer a range of subtle yet contrasted ros\u00e9 wines.\" \/>\n<meta name=\"robots\" content=\"index, follow, max-snippet:-1, max-image-preview:large, max-video-preview:-1\" \/>\n<link rel=\"canonical\" href=\"https:\/\/www.advini.com\/en\/our-estates\/wine-estates-services\/our-wine-estates-services-provence\/\" \/>\n<meta property=\"og:locale\" content=\"en_US\" \/>\n<meta property=\"og:type\" content=\"article\" \/>\n<meta property=\"og:title\" content=\"Wine Estates &amp; Services Provence - Advini\" \/>\n<meta property=\"og:description\" content=\"Maison Victoire Provence Exp\u00e9rience draws on the richness of the region\u2019s terroirs to offer a range of subtle yet contrasted ros\u00e9 wines.\" \/>\n<meta property=\"og:url\" content=\"https:\/\/www.advini.com\/en\/our-estates\/wine-estates-services\/our-wine-estates-services-provence\/\" \/>\n<meta property=\"og:site_name\" content=\"Advini\" \/>\n<meta property=\"article:modified_time\" content=\"2023-06-05T12:37:14+00:00\" \/>\n<meta property=\"og:image\" content=\"https:\/\/www.advini.com\/wp-content\/uploads\/2022\/06\/logo-MoonlightRoses.png\" \/>\n<meta name=\"twitter:card\" content=\"summary_large_image\" \/>\n<meta name=\"twitter:label1\" content=\"Est. reading time\" \/>\n\t<meta name=\"twitter:data1\" content=\"3 minutes\" \/>\n<script type=\"application\/ld+json\" class=\"yoast-schema-graph\">{\"@context\":\"https:\/\/schema.org\",\"@graph\":[{\"@type\":\"WebPage\",\"@id\":\"https:\/\/www.advini.com\/en\/our-estates\/wine-estates-services\/our-wine-estates-services-provence\/\",\"url\":\"https:\/\/www.advini.com\/en\/our-estates\/wine-estates-services\/our-wine-estates-services-provence\/\",\"name\":\"Wine Estates & Services Provence - Advini\",\"isPartOf\":{\"@id\":\"https:\/\/www.advini.com\/en\/#website\"},\"primaryImageOfPage\":{\"@id\":\"https:\/\/www.advini.com\/en\/our-estates\/wine-estates-services\/our-wine-estates-services-provence\/#primaryimage\"},\"image\":{\"@id\":\"https:\/\/www.advini.com\/en\/our-estates\/wine-estates-services\/our-wine-estates-services-provence\/#primaryimage\"},\"thumbnailUrl\":\"https:\/\/www.advini.com\/wp-content\/uploads\/2022\/06\/logo-MoonlightRoses.png\",\"datePublished\":\"2022-06-15T07:46:01+00:00\",\"dateModified\":\"2023-06-05T12:37:14+00:00\",\"description\":\"Maison Victoire Provence Exp\u00e9rience draws on the richness of the region\u2019s terroirs to offer a range of subtle yet contrasted ros\u00e9 wines.\",\"breadcrumb\":{\"@id\":\"https:\/\/www.advini.com\/en\/our-estates\/wine-estates-services\/our-wine-estates-services-provence\/#breadcrumb\"},\"inLanguage\":\"en-US\",\"potentialAction\":[{\"@type\":\"ReadAction\",\"target\":[\"https:\/\/www.advini.com\/en\/our-estates\/wine-estates-services\/our-wine-estates-services-provence\/\"]}]},{\"@type\":\"ImageObject\",\"inLanguage\":\"en-US\",\"@id\":\"https:\/\/www.advini.com\/en\/our-estates\/wine-estates-services\/our-wine-estates-services-provence\/#primaryimage\",\"url\":\"https:\/\/www.advini.com\/wp-content\/uploads\/2022\/06\/logo-MoonlightRoses.png\",\"contentUrl\":\"https:\/\/www.advini.com\/wp-content\/uploads\/2022\/06\/logo-MoonlightRoses.png\"},{\"@type\":\"BreadcrumbList\",\"@id\":\"https:\/\/www.advini.com\/en\/our-estates\/wine-estates-services\/our-wine-estates-services-provence\/#breadcrumb\",\"itemListElement\":[{\"@type\":\"ListItem\",\"position\":1,\"name\":\"Home\",\"item\":\"https:\/\/www.advini.com\/en\/\"},{\"@type\":\"ListItem\",\"position\":2,\"name\":\"Our estates\",\"item\":\"https:\/\/www.advini.com\/en\/nos-maisons\/\"},{\"@type\":\"ListItem\",\"position\":3,\"name\":\"Wine Estates &#038; Services\",\"item\":\"https:\/\/www.advini.com\/en\/nos-maisons\/marques-et-produits-a-facon\/\"},{\"@type\":\"ListItem\",\"position\":4,\"name\":\"Wine Estates &#038; Services Provence\"}]},{\"@type\":\"WebSite\",\"@id\":\"https:\/\/www.advini.com\/en\/#website\",\"url\":\"https:\/\/www.advini.com\/en\/\",\"name\":\"Advini\",\"description\":\"Leader fran\u00e7ais des vins de terroir\",\"publisher\":{\"@id\":\"https:\/\/www.advini.com\/en\/#organization\"},\"potentialAction\":[{\"@type\":\"SearchAction\",\"target\":{\"@type\":\"EntryPoint\",\"urlTemplate\":\"https:\/\/www.advini.com\/en\/?s={search_term_string}\"},\"query-input\":{\"@type\":\"PropertyValueSpecification\",\"valueRequired\":true,\"valueName\":\"search_term_string\"}}],\"inLanguage\":\"en-US\"},{\"@type\":\"Organization\",\"@id\":\"https:\/\/www.advini.com\/en\/#organization\",\"name\":\"Advini\",\"url\":\"https:\/\/www.advini.com\/en\/\",\"logo\":{\"@type\":\"ImageObject\",\"inLanguage\":\"en-US\",\"@id\":\"https:\/\/www.advini.com\/en\/#\/schema\/logo\/image\/\",\"url\":\"\",\"contentUrl\":\"\",\"caption\":\"Advini\"},\"image\":{\"@id\":\"https:\/\/www.advini.com\/en\/#\/schema\/logo\/image\/\"}}]}<\/script>\n<!-- \/ Yoast SEO plugin. -->","yoast_head_json":{"title":"Wine Estates & Services Provence - Advini","description":"Maison Victoire Provence Exp\u00e9rience draws on the richness of the region\u2019s terroirs to offer a range of subtle yet contrasted ros\u00e9 wines.","robots":{"index":"index","follow":"follow","max-snippet":"max-snippet:-1","max-image-preview":"max-image-preview:large","max-video-preview":"max-video-preview:-1"},"canonical":"https:\/\/www.advini.com\/en\/our-estates\/wine-estates-services\/our-wine-estates-services-provence\/","og_locale":"en_US","og_type":"article","og_title":"Wine Estates & Services Provence - Advini","og_description":"Maison Victoire Provence Exp\u00e9rience draws on the richness of the region\u2019s terroirs to offer a range of subtle yet contrasted ros\u00e9 wines.","og_url":"https:\/\/www.advini.com\/en\/our-estates\/wine-estates-services\/our-wine-estates-services-provence\/","og_site_name":"Advini","article_modified_time":"2023-06-05T12:37:14+00:00","og_image":[{"url":"https:\/\/www.advini.com\/wp-content\/uploads\/2022\/06\/logo-MoonlightRoses.png","type":"","width":"","height":""}],"twitter_card":"summary_large_image","twitter_misc":{"Est. reading time":"3 minutes"},"schema":{"@context":"https:\/\/schema.org","@graph":[{"@type":"WebPage","@id":"https:\/\/www.advini.com\/en\/our-estates\/wine-estates-services\/our-wine-estates-services-provence\/","url":"https:\/\/www.advini.com\/en\/our-estates\/wine-estates-services\/our-wine-estates-services-provence\/","name":"Wine Estates & Services Provence - Advini","isPartOf":{"@id":"https:\/\/www.advini.com\/en\/#website"},"primaryImageOfPage":{"@id":"https:\/\/www.advini.com\/en\/our-estates\/wine-estates-services\/our-wine-estates-services-provence\/#primaryimage"},"image":{"@id":"https:\/\/www.advini.com\/en\/our-estates\/wine-estates-services\/our-wine-estates-services-provence\/#primaryimage"},"thumbnailUrl":"https:\/\/www.advini.com\/wp-content\/uploads\/2022\/06\/logo-MoonlightRoses.png","datePublished":"2022-06-15T07:46:01+00:00","dateModified":"2023-06-05T12:37:14+00:00","description":"Maison Victoire Provence Exp\u00e9rience draws on the richness of the region\u2019s terroirs to offer a range of subtle yet contrasted ros\u00e9 wines.","breadcrumb":{"@id":"https:\/\/www.advini.com\/en\/our-estates\/wine-estates-services\/our-wine-estates-services-provence\/#breadcrumb"},"inLanguage":"en-US","potentialAction":[{"@type":"ReadAction","target":["https:\/\/www.advini.com\/en\/our-estates\/wine-estates-services\/our-wine-estates-services-provence\/"]}]},{"@type":"ImageObject","inLanguage":"en-US","@id":"https:\/\/www.advini.com\/en\/our-estates\/wine-estates-services\/our-wine-estates-services-provence\/#primaryimage","url":"https:\/\/www.advini.com\/wp-content\/uploads\/2022\/06\/logo-MoonlightRoses.png","contentUrl":"https:\/\/www.advini.com\/wp-content\/uploads\/2022\/06\/logo-MoonlightRoses.png"},{"@type":"BreadcrumbList","@id":"https:\/\/www.advini.com\/en\/our-estates\/wine-estates-services\/our-wine-estates-services-provence\/#breadcrumb","itemListElement":[{"@type":"ListItem","position":1,"name":"Home","item":"https:\/\/www.advini.com\/en\/"},{"@type":"ListItem","position":2,"name":"Our estates","item":"https:\/\/www.advini.com\/en\/nos-maisons\/"},{"@type":"ListItem","position":3,"name":"Wine Estates &#038; Services","item":"https:\/\/www.advini.com\/en\/nos-maisons\/marques-et-produits-a-facon\/"},{"@type":"ListItem","position":4,"name":"Wine Estates &#038; Services Provence"}]},{"@type":"WebSite","@id":"https:\/\/www.advini.com\/en\/#website","url":"https:\/\/www.advini.com\/en\/","name":"Advini","description":"Leader fran\u00e7ais des vins de terroir","publisher":{"@id":"https:\/\/www.advini.com\/en\/#organization"},"potentialAction":[{"@type":"SearchAction","target":{"@type":"EntryPoint","urlTemplate":"https:\/\/www.advini.com\/en\/?s={search_term_string}"},"query-input":{"@type":"PropertyValueSpecification","valueRequired":true,"valueName":"search_term_string"}}],"inLanguage":"en-US"},{"@type":"Organization","@id":"https:\/\/www.advini.com\/en\/#organization","name":"Advini","url":"https:\/\/www.advini.com\/en\/","logo":{"@type":"ImageObject","inLanguage":"en-US","@id":"https:\/\/www.advini.com\/en\/#\/schema\/logo\/image\/","url":"","contentUrl":"","caption":"Advini"},"image":{"@id":"https:\/\/www.advini.com\/en\/#\/schema\/logo\/image\/"}}]}},"_links":{"self":[{"href":"https:\/\/www.advini.com\/en\/wp-json\/wp\/v2\/pages\/3996","targetHints":{"allow":["GET"]}}],"collection":[{"href":"https:\/\/www.advini.com\/en\/wp-json\/wp\/v2\/pages"}],"about":[{"href":"https:\/\/www.advini.com\/en\/wp-json\/wp\/v2\/types\/page"}],"author":[{"embeddable":true,"href":"https:\/\/www.advini.com\/en\/wp-json\/wp\/v2\/users\/1"}],"replies":[{"embeddable":true,"href":"https:\/\/www.advini.com\/en\/wp-json\/wp\/v2\/comments?post=3996"}],"version-history":[{"count":11,"href":"https:\/\/www.advini.com\/en\/wp-json\/wp\/v2\/pages\/3996\/revisions"}],"predecessor-version":[{"id":6668,"href":"https:\/\/www.advini.com\/en\/wp-json\/wp\/v2\/pages\/3996\/revisions\/6668"}],"up":[{"embeddable":true,"href":"https:\/\/www.advini.com\/en\/wp-json\/wp\/v2\/pages\/3983"}],"wp:attachment":[{"href":"https:\/\/www.advini.com\/en\/wp-json\/wp\/v2\/media?parent=3996"}],"wp:term":[{"taxonomy":"folder","embeddable":true,"href":"https:\/\/www.advini.com\/en\/wp-json\/wp\/v2\/folder?post=3996"}],"curies":[{"name":"wp","href":"https:\/\/api.w.org\/{rel}","templated":true}]}}